{"id":53881,"date":"2024-07-30T09:57:46","date_gmt":"2024-07-30T07:57:46","guid":{"rendered":"https:\/\/weider.syntonize.dev\/product\/weider-classic-bar\/"},"modified":"2024-07-30T10:03:39","modified_gmt":"2024-07-30T08:03:39","slug":"weider-classic-bar","status":"publish","type":"product","link":"https:\/\/weider.syntonize.dev\/fr\/produit\/weider-classic-bar\/","title":{"rendered":"Weider Classic Bar"},"content":{"rendered":"<p>Estas barritas de prote\u00edna son una opci\u00f3n perfecta como tentempi\u00e9 o como suplemento antes o despu\u00e9s del entrenamiento. Con un alto porcentaje de prote\u00ednas, proporcionan los amino\u00e1cidos necesarios para la recuperaci\u00f3n muscular despu\u00e9s del desgaste durante la sesi\u00f3n de ejercicio, lo que favorece el mantenimiento y desarrollo muscular. <\/p>\n<p>Adem\u00e1s, son bajas en az\u00facares, lo que las hace ideales para quienes buscan mantener un estilo de vida saludable. Son una fuente de energ\u00eda y prote\u00ednas de calidad, perfectas para satisfacer antojos de manera saludable. La combinaci\u00f3n de sabores exquisitos y nutrientes esenciales las convierte en una elecci\u00f3n ideal para complementar un estilo de vida activo.<\/p>","protected":false},"excerpt":{"rendered":"<p>\u2022 33% de prote\u00ednas <\/p>\n<p>\u2022 105 Kcal por barrita <\/p>\n<p>\u2022 Textura suave y cubierta de chocolate para una experiencia deliciosa.<\/p>","protected":false},"featured_media":0,"template":"","meta":{"inline_featured_image":false},"product_cat":[4779,4767],"product_tag":[],"acf":[],"_links":{"self":[{"href":"https:\/\/weider.syntonize.dev\/fr\/wp-json\/wp\/v2\/product\/53881"}],"collection":[{"href":"https:\/\/weider.syntonize.dev\/fr\/wp-json\/wp\/v2\/product"}],"about":[{"href":"https:\/\/weider.syntonize.dev\/fr\/wp-json\/wp\/v2\/types\/product"}],"wp:attachment":[{"href":"https:\/\/weider.syntonize.dev\/fr\/wp-json\/wp\/v2\/media?parent=53881"}],"wp:term":[{"taxonomy":"product_cat","embeddable":true,"href":"https:\/\/weider.syntonize.dev\/fr\/wp-json\/wp\/v2\/product_cat?post=53881"},{"taxonomy":"product_tag","embeddable":true,"href":"https:\/\/weider.syntonize.dev\/fr\/wp-json\/wp\/v2\/product_tag?post=53881"}],"curies":[{"name":"wp","href":"https:\/\/api.w.org\/{rel}","templated":true}]}}