{"id":53868,"date":"2024-07-30T09:52:52","date_gmt":"2024-07-30T07:52:52","guid":{"rendered":"https:\/\/weider.syntonize.dev\/product\/weider-bar\/"},"modified":"2024-07-30T10:03:39","modified_gmt":"2024-07-30T08:03:39","slug":"weider-bar","status":"publish","type":"product","link":"https:\/\/weider.syntonize.dev\/fr\/produit\/weider-bar\/","title":{"rendered":"Weider Bar"},"content":{"rendered":"<p>Classic Bar es la barrita de m\u00e1s \u00e9xito de todos los tiempos y lo ha sido por una buena raz\u00f3n: Es la alternativa saludable para tomar entre horas. <\/p>\n<p>Est\u00e1 especialmente creada para todo el mundo porque tiene un alto contenido de prote\u00edna y muy poca grasa. Adem\u00e1s, su cobertura de chocolate negro es \u00fanica. <\/p>\n<p>Si eres goloso ya no tienes que sentirte culpable porque Classic Pack no s\u00f3lo satisface tu apetito de algo dulce, sino que ofrece cualidades \u00fanicas. Con un 27% de prote\u00edna, esta porci\u00f3n de prote\u00ednas y de valiosos hidratos de carbono aumenta tu capacidad de hacer ejercicio, mientras que su bajo contenido en grasa garantiza que tu esfuerzo f\u00edsico sea visible.<\/p>","protected":false},"excerpt":{"rendered":"<p>Aporte de energ\u00eda para conseguir tus objetivos deportivos\/ Delicioso snack proteico entre horas<\/p>","protected":false},"featured_media":54227,"template":"","meta":{"inline_featured_image":false},"product_cat":[4779,4767],"product_tag":[],"acf":[],"_links":{"self":[{"href":"https:\/\/weider.syntonize.dev\/fr\/wp-json\/wp\/v2\/product\/53868"}],"collection":[{"href":"https:\/\/weider.syntonize.dev\/fr\/wp-json\/wp\/v2\/product"}],"about":[{"href":"https:\/\/weider.syntonize.dev\/fr\/wp-json\/wp\/v2\/types\/product"}],"wp:featuredmedia":[{"embeddable":true,"href":"https:\/\/weider.syntonize.dev\/fr\/wp-json\/wp\/v2\/media\/54227"}],"wp:attachment":[{"href":"https:\/\/weider.syntonize.dev\/fr\/wp-json\/wp\/v2\/media?parent=53868"}],"wp:term":[{"taxonomy":"product_cat","embeddable":true,"href":"https:\/\/weider.syntonize.dev\/fr\/wp-json\/wp\/v2\/product_cat?post=53868"},{"taxonomy":"product_tag","embeddable":true,"href":"https:\/\/weider.syntonize.dev\/fr\/wp-json\/wp\/v2\/product_tag?post=53868"}],"curies":[{"name":"wp","href":"https:\/\/api.w.org\/{rel}","templated":true}]}}