{"id":53796,"date":"2024-07-30T09:48:34","date_gmt":"2024-07-30T07:48:34","guid":{"rendered":"https:\/\/weider.syntonize.dev\/product\/premium-amino-powder\/"},"modified":"2024-07-30T09:57:45","modified_gmt":"2024-07-30T07:57:45","slug":"premium-amino-powder","status":"publish","type":"product","link":"https:\/\/weider.syntonize.dev\/fr\/produit\/premium-amino-powder\/","title":{"rendered":"Premium Amino Powder"},"content":{"rendered":"<p>El nuevo Premium Amino Intra Workout Powder est\u00e1<br \/>\ndesarrollado espec\u00edficamente para consumir durante sesiones de<br \/>\nentrenamiento intensas.<br \/>\nSu combinaci\u00f3n de ingredientes ha sido escogida cuidadosamente<br \/>\npara nutrir tus m\u00fasculos durante cada entrenamiento, aydudandote<br \/>\nmantener el rendimiento y evitar que pierdas fuelle, \u00a1da cada d\u00eda<br \/>\nel m\u00e1ximo de ti!<br \/>\nCada porci\u00f3n de Premium Amino Powder te aporta:<br \/>\n\u2022 8.800 mg de amino\u00e1cidos esenciales (EAAs), de los cuales<br \/>\n6000 gramos son de amino\u00e1cidos ramificados en un ratio 2:1:1<br \/>\ny 1.500 mg de glutamina.<br \/>\n\u2022 24 de carbohidratos de f\u00e1cil asimilaci\u00f3n: principalmente<br \/>\nmaltodextrinas de patata, ma\u00edz y ma\u00edz ceroso, su f\u00e1cil asimilaci\u00f3n<br \/>\ny absorci\u00f3n proporciona energ\u00eda a tus m\u00fasculos de forma r\u00e1pida.<br \/>\n\u2022 Plus de electrolitos: perfectos para reponer las p\u00e9rdidas durante<br \/>\nlos entrenamientos y favorecer la hidrataci\u00f3n.<br \/>\nSi tu objetivo es dar lo mejor de ti durante tu entrenamiento,<br \/>\nPremium Amino Powder es tu producto. Su combinaci\u00f3n de<br \/>\ningredientes te ayuda a conseguir los mejores resuldados, por<br \/>\nun lado ayudandote a prevenir el da\u00f1o muscular y por otro<br \/>\nproporcion\u00e1ndote la energ\u00eda que tus m\u00fasculos necesitan.<br \/>\n\u00bfBuscas combustible para tus entrenamiento? \u00a1Mima a tus<br \/>\nm\u00fasculos con Premium Amino Intraworkout Powder y<br \/>\ndale ingredientes con la calidad que se merecen<\/p>","protected":false},"excerpt":{"rendered":"<p>Energ\u00eda de r\u00e1pida asimilaci\u00f3n<br \/>\nCon amino\u00e1cidos esenciales<br \/>\nPlus de electrolitos<\/p>","protected":false},"featured_media":54185,"template":"","meta":{"inline_featured_image":false},"product_cat":[4769,4766,4776,4767],"product_tag":[],"acf":[],"_links":{"self":[{"href":"https:\/\/weider.syntonize.dev\/fr\/wp-json\/wp\/v2\/product\/53796"}],"collection":[{"href":"https:\/\/weider.syntonize.dev\/fr\/wp-json\/wp\/v2\/product"}],"about":[{"href":"https:\/\/weider.syntonize.dev\/fr\/wp-json\/wp\/v2\/types\/product"}],"wp:featuredmedia":[{"embeddable":true,"href":"https:\/\/weider.syntonize.dev\/fr\/wp-json\/wp\/v2\/media\/54185"}],"wp:attachment":[{"href":"https:\/\/weider.syntonize.dev\/fr\/wp-json\/wp\/v2\/media?parent=53796"}],"wp:term":[{"taxonomy":"product_cat","embeddable":true,"href":"https:\/\/weider.syntonize.dev\/fr\/wp-json\/wp\/v2\/product_cat?post=53796"},{"taxonomy":"product_tag","embeddable":true,"href":"https:\/\/weider.syntonize.dev\/fr\/wp-json\/wp\/v2\/product_tag?post=53796"}],"curies":[{"name":"wp","href":"https:\/\/api.w.org\/{rel}","templated":true}]}}