{"id":53771,"date":"2024-07-30T09:48:34","date_gmt":"2024-07-30T07:48:34","guid":{"rendered":"https:\/\/weider.syntonize.dev\/product\/nitro-whey-super-formula\/"},"modified":"2024-07-30T09:52:52","modified_gmt":"2024-07-30T07:52:52","slug":"nitro-whey-super-formula","status":"publish","type":"product","link":"https:\/\/weider.syntonize.dev\/fr\/produit\/nitro-whey-super-formula\/","title":{"rendered":"Nitro Whey Super Formula"},"content":{"rendered":"<p>El batido Weider Super Nitro Whey es una prote\u00edna de concentrado de suero de leche combinada con aislado, obtenida mediante los procesos de micro y ultra-filtraci\u00f3n m\u00e1s avanzados del mercado.  <\/p>\n<p>Formulada para alimentar la musculatura en su fase de desarrollo es ideal una vez finalizado el entrenamiento, momento en el que todos los m\u00fasculos ejercitados necesitan un correcto aporte de nutrientes para lograr un m\u00e1ximo desarrollo muscular. Adem\u00e1s de proveer a la musculatura los amino\u00e1cidos que necesita para su crecimiento, Nitro Whey es rica en L-Glutamina, lo que resulta imprescindible para asegurar una \u00f3ptima recuperaci\u00f3n muscular postentrenamiento.<\/p>","protected":false},"excerpt":{"rendered":"<p>Prote\u00edna de concentrado y aislado de prote\u00ednas de suero de leche<\/p>\n<p>Prote\u00edna de m\u00e1xima biodisponibilidad<br \/>\nRica en Bcaa\u00b4s<br \/>\nSans sucre ajout\u00e9<br \/>\nSin Aspartamo<\/p>","protected":false},"featured_media":54170,"template":"","meta":{"inline_featured_image":false},"product_cat":[4769,4766,4764,4774,4772,4767],"product_tag":[],"acf":[],"_links":{"self":[{"href":"https:\/\/weider.syntonize.dev\/fr\/wp-json\/wp\/v2\/product\/53771"}],"collection":[{"href":"https:\/\/weider.syntonize.dev\/fr\/wp-json\/wp\/v2\/product"}],"about":[{"href":"https:\/\/weider.syntonize.dev\/fr\/wp-json\/wp\/v2\/types\/product"}],"wp:featuredmedia":[{"embeddable":true,"href":"https:\/\/weider.syntonize.dev\/fr\/wp-json\/wp\/v2\/media\/54170"}],"wp:attachment":[{"href":"https:\/\/weider.syntonize.dev\/fr\/wp-json\/wp\/v2\/media?parent=53771"}],"wp:term":[{"taxonomy":"product_cat","embeddable":true,"href":"https:\/\/weider.syntonize.dev\/fr\/wp-json\/wp\/v2\/product_cat?post=53771"},{"taxonomy":"product_tag","embeddable":true,"href":"https:\/\/weider.syntonize.dev\/fr\/wp-json\/wp\/v2\/product_tag?post=53771"}],"curies":[{"name":"wp","href":"https:\/\/api.w.org\/{rel}","templated":true}]}}