{"id":39326,"date":"2022-08-16T10:30:00","date_gmt":"2022-08-16T10:30:00","guid":{"rendered":"https:\/\/wpbingosite.com\/wordpress\/gymex\/?page_id=39326"},"modified":"2024-04-12T09:30:29","modified_gmt":"2024-04-12T07:30:29","slug":"faqs","status":"publish","type":"page","link":"https:\/\/weider.syntonize.dev\/fr\/faqs\/","title":{"rendered":"Faqs"},"content":{"rendered":"<div data-elementor-type=\"wp-page\" data-elementor-id=\"39326\" class=\"elementor elementor-39326\">\n\t\t\t\t\t\t<section class=\"elementor-section elementor-top-section elementor-element elementor-element-9e9ffc9 we-faqs elementor-section-boxed elementor-section-height-default elementor-section-height-default\" data-id=\"9e9ffc9\" data-element_type=\"section\">\n\t\t\t\t\t\t<div class=\"elementor-container elementor-column-gap-default\">\n\t\t\t\t\t<div class=\"elementor-column elementor-col-100 elementor-top-column elementor-element elementor-element-af73d5a\" data-id=\"af73d5a\" data-element_type=\"column\">\n\t\t\t<div class=\"elementor-widget-wrap elementor-element-populated\">\n\t\t\t\t\t\t<div class=\"elementor-element elementor-element-e441b32 elementor-widget elementor-widget-heading\" data-id=\"e441b32\" data-element_type=\"widget\" data-widget_type=\"heading.default\">\n\t\t\t\t<div class=\"elementor-widget-container\">\n\t\t\t<style>\/*! elementor - v3.20.0 - 20-03-2024 *\/\n.elementor-heading-title{padding:0;margin:0;line-height:1}.elementor-widget-heading .elementor-heading-title[class*=elementor-size-]>a{color:inherit;font-size:inherit;line-height:inherit}.elementor-widget-heading .elementor-heading-title.elementor-size-small{font-size:15px}.elementor-widget-heading .elementor-heading-title.elementor-size-medium{font-size:19px}.elementor-widget-heading .elementor-heading-title.elementor-size-large{font-size:29px}.elementor-widget-heading .elementor-heading-title.elementor-size-xl{font-size:39px}.elementor-widget-heading .elementor-heading-title.elementor-size-xxl{font-size:59px}<\/style><h2 class=\"elementor-heading-title elementor-size-default\">Preguntas Frecuentes<\/h2>\t\t<\/div>\n\t\t\t\t<\/div>\n\t\t\t\t<div class=\"elementor-element elementor-element-faec38b elementor-widget elementor-widget-accordion\" data-id=\"faec38b\" data-element_type=\"widget\" data-widget_type=\"accordion.default\">\n\t\t\t\t<div class=\"elementor-widget-container\">\n\t\t\t<style>\/*! elementor - v3.20.0 - 20-03-2024 *\/\n.elementor-accordion{text-align:left}.elementor-accordion .elementor-accordion-item{border:1px solid #d5d8dc}.elementor-accordion .elementor-accordion-item+.elementor-accordion-item{border-top:none}.elementor-accordion .elementor-tab-title{margin:0;padding:15px 20px;font-weight:700;line-height:1;cursor:pointer;outline:none}.elementor-accordion .elementor-tab-title .elementor-accordion-icon{display:inline-block;width:1.5em}.elementor-accordion .elementor-tab-title .elementor-accordion-icon svg{width:1em;height:1em}.elementor-accordion .elementor-tab-title .elementor-accordion-icon.elementor-accordion-icon-right{float:right;text-align:right}.elementor-accordion .elementor-tab-title .elementor-accordion-icon.elementor-accordion-icon-left{float:left;text-align:left}.elementor-accordion .elementor-tab-title .elementor-accordion-icon .elementor-accordion-icon-closed{display:block}.elementor-accordion .elementor-tab-title .elementor-accordion-icon .elementor-accordion-icon-opened,.elementor-accordion .elementor-tab-title.elementor-active .elementor-accordion-icon-closed{display:none}.elementor-accordion .elementor-tab-title.elementor-active .elementor-accordion-icon-opened{display:block}.elementor-accordion .elementor-tab-content{display:none;padding:15px 20px;border-top:1px solid #d5d8dc}@media (max-width:767px){.elementor-accordion .elementor-tab-title{padding:12px 15px}.elementor-accordion .elementor-tab-title .elementor-accordion-icon{width:1.2em}.elementor-accordion .elementor-tab-content{padding:7px 15px}}.e-con-inner>.elementor-widget-accordion,.e-con>.elementor-widget-accordion{width:var(--container-widget-width);--flex-grow:var(--container-widget-flex-grow)}<\/style>\t\t<div class=\"elementor-accordion\">\n\t\t\t\t\t\t\t<div class=\"elementor-accordion-item\">\n\t\t\t\t\t<div id=\"elementor-tab-title-2631\" class=\"elementor-tab-title\" data-tab=\"1\" role=\"button\" aria-controls=\"elementor-tab-content-2631\" aria-expanded=\"false\">\n\t\t\t\t\t\t\t\t\t\t\t\t<a class=\"elementor-accordion-title\" tabindex=\"0\">\u00bfD\u00f3nde encontrar productos Weider?<\/a>\n\t\t\t\t\t<\/div>\n\t\t\t\t\t<div id=\"elementor-tab-content-2631\" class=\"elementor-tab-content elementor-clearfix\" data-tab=\"1\" role=\"region\" aria-labelledby=\"elementor-tab-title-2631\"><p>Nuestros productos puedes encontrarlos en diferentes supermercados y grandes superficies como puede ser El Corte Ingles, Carrefour, Alcampo, Aldi, Decathlon,\u2026 pero adem\u00e1s estamos en multitud de tiendas online y tiendas especializadas, las cuales podr\u00e1s encontrar en este mapa &gt;&gt;\u00a0<a href=\"https:\/\/weider.es\/puntos-de-venta\/\">https:\/\/weider.es\/puntos-de-venta\/<\/a><\/p><p>Adem\u00e1s de nuestra tienda online\u00a0<a href=\"https:\/\/www.tiendaweider.es\/\">https:\/\/www.tiendaweider.es\/<\/a>\u00a0donde podr\u00e1s encontrar toda la gama de productos.<\/p><\/div>\n\t\t\t\t<\/div>\n\t\t\t\t\t\t\t<div class=\"elementor-accordion-item\">\n\t\t\t\t\t<div id=\"elementor-tab-title-2632\" class=\"elementor-tab-title\" data-tab=\"2\" role=\"button\" aria-controls=\"elementor-tab-content-2632\" aria-expanded=\"false\">\n\t\t\t\t\t\t\t\t\t\t\t\t<a class=\"elementor-accordion-title\" tabindex=\"0\">\u00bfC\u00f3mo puedo recibir informaci\u00f3n sobre los productos nuevos que saca Weider?<\/a>\n\t\t\t\t\t<\/div>\n\t\t\t\t\t<div id=\"elementor-tab-content-2632\" class=\"elementor-tab-content elementor-clearfix\" data-tab=\"2\" role=\"region\" aria-labelledby=\"elementor-tab-title-2632\"><p>La mejor manera es suscribi\u00e9ndote a nuestra newsletter, la cual recibir\u00e1s con informaci\u00f3n sobre novedades o noticias de inter\u00e9s.<\/p><p>Puedes hacerlo desde la Home, bajando a la parte de abajo donde pone \u201ccorreo electr\u00f3nico\u201d\u00a0<\/p><\/div>\n\t\t\t\t<\/div>\n\t\t\t\t\t\t\t<div class=\"elementor-accordion-item\">\n\t\t\t\t\t<div id=\"elementor-tab-title-2633\" class=\"elementor-tab-title\" data-tab=\"3\" role=\"button\" aria-controls=\"elementor-tab-content-2633\" aria-expanded=\"false\">\n\t\t\t\t\t\t\t\t\t\t\t\t<a class=\"elementor-accordion-title\" tabindex=\"0\">Si tengo una duda t\u00e9cnica, \u00bfqui\u00e9n me puede ayudar?<\/a>\n\t\t\t\t\t<\/div>\n\t\t\t\t\t<div id=\"elementor-tab-content-2633\" class=\"elementor-tab-content elementor-clearfix\" data-tab=\"3\" role=\"region\" aria-labelledby=\"elementor-tab-title-2633\"><p>Actualmente contamos con un departamento t\u00e9cnico y de calidad, el cual puede ayudaros con cualquier duda sobre producto t\u00e9cnica que se tenga.<\/p><p>Escribiendo a este mail se os contestar\u00e1 en la mayor brevedad posible\u00a0<a href=\"mailto:consultas@weider.es\">consultas@weider.es<\/a><\/p><\/div>\n\t\t\t\t<\/div>\n\t\t\t\t\t\t\t<div class=\"elementor-accordion-item\">\n\t\t\t\t\t<div id=\"elementor-tab-title-2634\" class=\"elementor-tab-title\" data-tab=\"4\" role=\"button\" aria-controls=\"elementor-tab-content-2634\" aria-expanded=\"false\">\n\t\t\t\t\t\t\t\t\t\t\t\t<a class=\"elementor-accordion-title\" tabindex=\"0\">\u00bfC\u00f3mo puedo contactar con Weider?<\/a>\n\t\t\t\t\t<\/div>\n\t\t\t\t\t<div id=\"elementor-tab-content-2634\" class=\"elementor-tab-content elementor-clearfix\" data-tab=\"4\" role=\"region\" aria-labelledby=\"elementor-tab-title-2634\"><p>Dependiendo del tipo de consulta que se tenga, en Weider tenemos diferentes departamentos habilitados para atenderlas:<\/p><ul><li>Si ya compras en Weider:<ul><li>Incidencias con pedidos:\u00a0<a href=\"mailto:cdomingo@weider.es\">cdomingo@weider.es<\/a><\/li><li>Si quieres ser distribuidor y vender nuestros productos:\u00a0<a href=\"mailto:clientes@weider.es\">clientes@weider.es<\/a><\/li><li>Cualquier tipo de consulta comercial:\u00a0<a href=\"mailto:clientes@weider.es\">clientes@weider.es<\/a><\/li><\/ul><\/li><li>Si tienes dudas sobre productos:<ul><li><a href=\"mailto:consultas@weider.es\">consultas@weider.es<\/a><\/li><\/ul><\/li><li>Cualquier otra consulta, eventos, patrocinios, etc:\u00a0<a href=\"mailto:info@weider.es\">info@weider.es<\/a><\/li><\/ul><\/div>\n\t\t\t\t<\/div>\n\t\t\t\t\t\t\t<div class=\"elementor-accordion-item\">\n\t\t\t\t\t<div id=\"elementor-tab-title-2635\" class=\"elementor-tab-title\" data-tab=\"5\" role=\"button\" aria-controls=\"elementor-tab-content-2635\" aria-expanded=\"false\">\n\t\t\t\t\t\t\t\t\t\t\t\t<a class=\"elementor-accordion-title\" tabindex=\"0\">Can I choose my currency I pay in?<\/a>\n\t\t\t\t\t<\/div>\n\t\t\t\t\t<div id=\"elementor-tab-content-2635\" class=\"elementor-tab-content elementor-clearfix\" data-tab=\"5\" role=\"region\" aria-labelledby=\"elementor-tab-title-2635\">For UAE, KSA, Kuwait &amp; Qatar: You can choose your country and your currency on top of any page to make your navigation easy as well as at the checkout point.<\/div>\n\t\t\t\t<\/div>\n\t\t\t\t\t\t\t<div class=\"elementor-accordion-item\">\n\t\t\t\t\t<div id=\"elementor-tab-title-2636\" class=\"elementor-tab-title\" data-tab=\"6\" role=\"button\" aria-controls=\"elementor-tab-content-2636\" aria-expanded=\"false\">\n\t\t\t\t\t\t\t\t\t\t\t\t<a class=\"elementor-accordion-title\" tabindex=\"0\">Si vendo Weider, \u00bfpuedo estar como punto de venta autorizado en la web?<\/a>\n\t\t\t\t\t<\/div>\n\t\t\t\t\t<div id=\"elementor-tab-content-2636\" class=\"elementor-tab-content elementor-clearfix\" data-tab=\"6\" role=\"region\" aria-labelledby=\"elementor-tab-title-2636\"><p>Por supuesto, lo \u00fanico que se necesita es que nos env\u00edes los datos como clientes: c\u00f3digo de cliente, nombre del negocio, tel\u00e9fono, direcci\u00f3n y mail. Enviarlos a\u00a0<a href=\"mailto:clientes@weider.es\">clientes@weider.es<\/a><\/p><p>Todos estos datos se validar\u00e1n y se pondr\u00e1n en el mapa de \u201cpunto de venta autorizados\u201d<\/p><p><a href=\"https:\/\/weider.es\/puntos-de-venta\/\">https:\/\/weider.es\/puntos-de-venta\/<\/a><\/p><\/div>\n\t\t\t\t<\/div>\n\t\t\t\t\t\t\t<div class=\"elementor-accordion-item\">\n\t\t\t\t\t<div id=\"elementor-tab-title-2637\" class=\"elementor-tab-title\" data-tab=\"7\" role=\"button\" aria-controls=\"elementor-tab-content-2637\" aria-expanded=\"false\">\n\t\t\t\t\t\t\t\t\t\t\t\t<a class=\"elementor-accordion-title\" tabindex=\"0\">Si quiero vender Weider, \u00bfqu\u00e9 debo hacer?<\/a>\n\t\t\t\t\t<\/div>\n\t\t\t\t\t<div id=\"elementor-tab-content-2637\" class=\"elementor-tab-content elementor-clearfix\" data-tab=\"7\" role=\"region\" aria-labelledby=\"elementor-tab-title-2637\"><p>En la parte superior de la HOME, hay un apartado donde pone \u201c\u00bfQuieres vender Weider?\u201d:\u00a0<a href=\"https:\/\/weider.es\/conocenos-weider-espana\/ser-distribuidor\/\">https:\/\/weider.es\/conocenos-weider-espana\/ser-distribuidor\/<\/a>\u00a0<\/p><p>Aparece un apartado para gimnasios y otro para tiendas, selecciona el que se corresponda con tu tipo de negocio.<\/p><p>Despu\u00e9s en la parte inferior de la pagina aparece un formulario que deber\u00e1s completar y ya nosotros nos pondremos en contacto contigo en la mayor brevedad posible para terminar el proceso.<\/p><\/div>\n\t\t\t\t<\/div>\n\t\t\t\t\t\t\t<div class=\"elementor-accordion-item\">\n\t\t\t\t\t<div id=\"elementor-tab-title-2638\" class=\"elementor-tab-title\" data-tab=\"8\" role=\"button\" aria-controls=\"elementor-tab-content-2638\" aria-expanded=\"false\">\n\t\t\t\t\t\t\t\t\t\t\t\t<a class=\"elementor-accordion-title\" tabindex=\"0\">Patrocinios y eventos<\/a>\n\t\t\t\t\t<\/div>\n\t\t\t\t\t<div id=\"elementor-tab-content-2638\" class=\"elementor-tab-content elementor-clearfix\" data-tab=\"8\" role=\"region\" aria-labelledby=\"elementor-tab-title-2638\"><p>Para solicitar un patrocinio como atleta o para patrocinar un evento, lo mejor es que escriban a este mail\u00a0<a href=\"mailto:pceron@weider.es\">pceron@weider.es\u00a0<\/a>en unos d\u00edas les dar\u00e1n una contestaci\u00f3n.<\/p><\/div>\n\t\t\t\t<\/div>\n\t\t\t\t\t\t\t\t<\/div>\n\t\t\t\t<\/div>\n\t\t\t\t<\/div>\n\t\t\t\t\t<\/div>\n\t\t<\/div>\n\t\t\t\t\t<\/div>\n\t\t<\/section>\n\t\t\t\t<\/div>","protected":false},"excerpt":{"rendered":"<p>Preguntas Frecuentes \u00bfD\u00f3nde encontrar productos Weider? Nuestros productos puedes encontrarlos en diferentes supermercados y grandes superficies como puede ser El Corte Ingles, Carrefour, Alcampo, Aldi, Decathlon,\u2026 pero adem\u00e1s estamos en [&hellip;]<\/p>","protected":false},"author":2,"featured_media":0,"parent":0,"menu_order":0,"comment_status":"closed","ping_status":"closed","template":"","meta":{"inline_featured_image":false,"footnotes":""},"acf":[],"_links":{"self":[{"href":"https:\/\/weider.syntonize.dev\/fr\/wp-json\/wp\/v2\/pages\/39326"}],"collection":[{"href":"https:\/\/weider.syntonize.dev\/fr\/wp-json\/wp\/v2\/pages"}],"about":[{"href":"https:\/\/weider.syntonize.dev\/fr\/wp-json\/wp\/v2\/types\/page"}],"author":[{"embeddable":true,"href":"https:\/\/weider.syntonize.dev\/fr\/wp-json\/wp\/v2\/users\/2"}],"replies":[{"embeddable":true,"href":"https:\/\/weider.syntonize.dev\/fr\/wp-json\/wp\/v2\/comments?post=39326"}],"version-history":[{"count":40,"href":"https:\/\/weider.syntonize.dev\/fr\/wp-json\/wp\/v2\/pages\/39326\/revisions"}],"predecessor-version":[{"id":50678,"href":"https:\/\/weider.syntonize.dev\/fr\/wp-json\/wp\/v2\/pages\/39326\/revisions\/50678"}],"wp:attachment":[{"href":"https:\/\/weider.syntonize.dev\/fr\/wp-json\/wp\/v2\/media?parent=39326"}],"curies":[{"name":"wp","href":"https:\/\/api.w.org\/{rel}","templated":true}]}}