{"id":54842,"date":"2024-07-30T13:14:08","date_gmt":"2024-07-30T11:14:08","guid":{"rendered":"https:\/\/weider.syntonize.dev\/product\/l-arginine-capsulas\/"},"modified":"2024-07-30T13:14:20","modified_gmt":"2024-07-30T11:14:20","slug":"l-arginine-capsulas","status":"publish","type":"product","link":"https:\/\/weider.syntonize.dev\/en\/product\/l-arginine-capsulas\/","title":{"rendered":"L-Arginine (Capsules)"},"content":{"rendered":"<p>L-Arginina: Es un amino\u00e1cido precursor del \u00f3xido n\u00edtrico, que tiene un efecto vasodilatador durante el entrenamiento. Aumenta el flujo sangu\u00edneo a las zonas musculares trabajadas, permitiendo una mayor congesti\u00f3n muscular, lo que lleva a un mayor crecimiento muscular gracias a un mejor suministro de ox\u00edgeno y nutrientes. <\/p>\n<p>Efecto en la Testosterona: Favorece el estado anab\u00f3lico del metabolismo tras el entrenamiento, actuando como anab\u00f3lico y recuperador. <\/p>\n<p>Desarrollo muscular: La ingesta regular de L-Arginina antes del entrenamiento puede ayudar a desarrollar masa muscular libre de grasa, aumentando la fuerza, la resistencia y la capacidad de entrenar. <\/p>\n<p>Relajaci\u00f3n muscular: La suplementaci\u00f3n con L-Arginina mejora el tiempo de relajaci\u00f3n muscular. <\/p>\n<p>C\u00e1psulas de L-Arginina: Cada c\u00e1psula contiene 1 gramo de L-Arginina de alta calidad (clorhidrato de L-Arginina), adecuada para satisfacer las demandas del organismo.<\/p>","protected":false},"excerpt":{"rendered":"<p>&#8211; Con L-Arginina de la m\u00e1xima<br \/>\ncalidad<br \/>\n&#8211; M\u00e1xima congesti\u00f3n muscular<\/p>","protected":false},"featured_media":54864,"template":"","meta":{"inline_featured_image":false},"product_cat":[4777,4776,4767],"product_tag":[],"acf":[],"_links":{"self":[{"href":"https:\/\/weider.syntonize.dev\/en\/wp-json\/wp\/v2\/product\/54842"}],"collection":[{"href":"https:\/\/weider.syntonize.dev\/en\/wp-json\/wp\/v2\/product"}],"about":[{"href":"https:\/\/weider.syntonize.dev\/en\/wp-json\/wp\/v2\/types\/product"}],"wp:featuredmedia":[{"embeddable":true,"href":"https:\/\/weider.syntonize.dev\/en\/wp-json\/wp\/v2\/media\/54864"}],"wp:attachment":[{"href":"https:\/\/weider.syntonize.dev\/en\/wp-json\/wp\/v2\/media?parent=54842"}],"wp:term":[{"taxonomy":"product_cat","embeddable":true,"href":"https:\/\/weider.syntonize.dev\/en\/wp-json\/wp\/v2\/product_cat?post=54842"},{"taxonomy":"product_tag","embeddable":true,"href":"https:\/\/weider.syntonize.dev\/en\/wp-json\/wp\/v2\/product_tag?post=54842"}],"curies":[{"name":"wp","href":"https:\/\/api.w.org\/{rel}","templated":true}]}}