{"id":54834,"date":"2024-07-30T12:40:09","date_gmt":"2024-07-30T10:40:09","guid":{"rendered":"https:\/\/weider.syntonize.dev\/product\/premium-tribulus\/"},"modified":"2024-07-30T12:41:01","modified_gmt":"2024-07-30T10:41:01","slug":"premium-tribulus","status":"publish","type":"product","link":"https:\/\/weider.syntonize.dev\/en\/product\/premium-tribulus\/","title":{"rendered":"Premium Tribulus"},"content":{"rendered":"<p>Weider Prime es un pro-hormonal dise\u00f1ado para apoyar niveles saludables de testosterona. Contiene ingredientes premium como extracto de Ashwagandha y Cordyceps, as\u00ed como vitaminas y minerales clave como zinc, vitamina D, vitaminas B6 y B12, y colina.  <\/p>\n<p>Estos ingredientes est\u00e1n destinados a potenciar la producci\u00f3n natural de testosterona, ayudando as\u00ed en el desarrollo muscular, el metabolismo energ\u00e9tico y la salud en general.  <\/p>\n<p>Adem\u00e1s, Weider Prime est\u00e1 formulado con KSM-66\u2122, un extracto patentado de alta calidad de ashwagandha, y Bioperine\u00ae para una mejor absorci\u00f3n de los nutrientes.<\/p>","protected":false},"excerpt":{"rendered":"<p>1800 mg de Tribulus Terrestris por dosis.<br \/>\nEstandarizado para un 90% de Saponinas<br \/>\nEnriquecido con Zinc para apoyar los niveles normales de testosterona.<\/p>","protected":false},"featured_media":54835,"template":"","meta":{"inline_featured_image":false},"product_cat":[4766,4796,4767],"product_tag":[],"acf":[],"_links":{"self":[{"href":"https:\/\/weider.syntonize.dev\/en\/wp-json\/wp\/v2\/product\/54834"}],"collection":[{"href":"https:\/\/weider.syntonize.dev\/en\/wp-json\/wp\/v2\/product"}],"about":[{"href":"https:\/\/weider.syntonize.dev\/en\/wp-json\/wp\/v2\/types\/product"}],"wp:featuredmedia":[{"embeddable":true,"href":"https:\/\/weider.syntonize.dev\/en\/wp-json\/wp\/v2\/media\/54835"}],"wp:attachment":[{"href":"https:\/\/weider.syntonize.dev\/en\/wp-json\/wp\/v2\/media?parent=54834"}],"wp:term":[{"taxonomy":"product_cat","embeddable":true,"href":"https:\/\/weider.syntonize.dev\/en\/wp-json\/wp\/v2\/product_cat?post=54834"},{"taxonomy":"product_tag","embeddable":true,"href":"https:\/\/weider.syntonize.dev\/en\/wp-json\/wp\/v2\/product_tag?post=54834"}],"curies":[{"name":"wp","href":"https:\/\/api.w.org\/{rel}","templated":true}]}}