{"id":54827,"date":"2024-07-30T12:40:09","date_gmt":"2024-07-30T10:40:09","guid":{"rendered":"https:\/\/weider.syntonize.dev\/product\/ultraburner\/"},"modified":"2024-07-30T12:40:15","modified_gmt":"2024-07-30T10:40:15","slug":"ultraburner","status":"publish","type":"product","link":"https:\/\/weider.syntonize.dev\/en\/product\/ultraburner\/","title":{"rendered":"Ultraburner"},"content":{"rendered":"<p>Ultra Burner es una f\u00f3rmula concentrada dise\u00f1ada para ayudarte a alcanzar tus metas de p\u00e9rdida de grasa y definici\u00f3n muscular. Contiene una combinaci\u00f3n de ingredientes clave, incluyendo: <\/p>\n<p>Cafe\u00edna: Estimula la concentraci\u00f3n, la capacidad de respuesta y la termog\u00e9nesis, lo que te ayuda a realizar entrenamientos m\u00e1s intensos y a quemar m\u00e1s calor\u00edas. <\/p>\n<p>Cayena: Acelera el metabolismo de forma natural, lo que contribuye a la quema de grasas. <\/p>\n<p>Extracto de t\u00e9 verde: Rico en ECGC, un polifenol que aumenta el gasto metab\u00f3lico y potencia el efecto termog\u00e9nico, ayudando a quemar grasas de manera m\u00e1s eficiente. <\/p>\n<p>Cromo: Contribuye al metabolismo normal de los macronutrientes, incluidas las grasas. <\/p>\n<p>Vitamina B6: Favorece un adecuado metabolismo energ\u00e9tico. <\/p>\n<p>L-Carnitina: Promueve el uso de las grasas como fuente de energ\u00eda, facilitando la reducci\u00f3n de los dep\u00f3sitos de grasa. <\/p>\n<p>L-Tirosina: Precursor de sustancias que regulan el estado de \u00e1nimo, participa en la funci\u00f3n del sistema nervioso y el estado de \u00e1nimo, especialmente importante durante la p\u00e9rdida de peso. <\/p>\n<p>L-Tript\u00f3fano: Precursor de la serotonina, promueve el bienestar y la relajaci\u00f3n, y est\u00e1 relacionado con el control del apetito, siendo crucial durante la quema de grasa. <\/p>\n<p>Extracto de Naringina: Antioxidante que favorece la absorci\u00f3n de otros nutrientes. <\/p>\n<p>Extracto de Pimienta negra (Bioperine\u00ae): Favorece la absorci\u00f3n y asimilaci\u00f3n de los ingredientes del producto. <\/p>\n<p>Ultra Burner viene en c\u00e1psulas vegetales f\u00e1ciles de tomar y es el complemento perfecto para tus per\u00edodos de p\u00e9rdida de grasa y definici\u00f3n muscular.<\/p>","protected":false},"excerpt":{"rendered":"<p>\u2022 Potente f\u00f3rmula termog\u00e9nica<br \/>\n\u2022 Con extractos de plantas y cafe\u00edna<br \/>\n\u2022 L-Carnitina, Cromo y Vitamina B6<\/p>","protected":false},"featured_media":54828,"template":"","meta":{"inline_featured_image":false},"product_cat":[4769,4785,4778,4766,4786,4767],"product_tag":[],"acf":[],"_links":{"self":[{"href":"https:\/\/weider.syntonize.dev\/en\/wp-json\/wp\/v2\/product\/54827"}],"collection":[{"href":"https:\/\/weider.syntonize.dev\/en\/wp-json\/wp\/v2\/product"}],"about":[{"href":"https:\/\/weider.syntonize.dev\/en\/wp-json\/wp\/v2\/types\/product"}],"wp:featuredmedia":[{"embeddable":true,"href":"https:\/\/weider.syntonize.dev\/en\/wp-json\/wp\/v2\/media\/54828"}],"wp:attachment":[{"href":"https:\/\/weider.syntonize.dev\/en\/wp-json\/wp\/v2\/media?parent=54827"}],"wp:term":[{"taxonomy":"product_cat","embeddable":true,"href":"https:\/\/weider.syntonize.dev\/en\/wp-json\/wp\/v2\/product_cat?post=54827"},{"taxonomy":"product_tag","embeddable":true,"href":"https:\/\/weider.syntonize.dev\/en\/wp-json\/wp\/v2\/product_tag?post=54827"}],"curies":[{"name":"wp","href":"https:\/\/api.w.org\/{rel}","templated":true}]}}