{"id":54804,"date":"2024-07-30T12:33:36","date_gmt":"2024-07-30T10:33:36","guid":{"rendered":"https:\/\/weider.syntonize.dev\/product\/beauty\/"},"modified":"2024-07-30T12:34:48","modified_gmt":"2024-07-30T10:34:48","slug":"beauty","status":"publish","type":"product","link":"https:\/\/weider.syntonize.dev\/en\/product\/beauty\/","title":{"rendered":"Beauty"},"content":{"rendered":"<p>Si tu objetivo es el cuidado de la piel, el pelo y las u\u00f1as, pero ello te supone mucho<br \/>\nesfuerzo, nosotros tenemos la soluci\u00f3n, porque con las Beauty Gummies de Weider<br \/>\npuedes conseguirlo!<br \/>\nEn tan solo 2 caramelos de goma tienes todo lo que necesitas para fortalecer tu<br \/>\ncabello y u\u00f1as, y cuidar tu piel de la manera m\u00e1s c\u00f3moda y deliciosa. Con esta f\u00f3rmula<br \/>\nantiedad, gracias a sus activos, podr\u00e1s conseguir una mayor sensaci\u00f3n de hidrataci\u00f3n<br \/>\ny elasticidad en la piel, ya que su f\u00f3rmula contiene:<br \/>\n\u2022 Biotina: como ingrediente principal, con una potente dosis de 2.500 mcg por<br \/>\ntoma, lo que te ayudar\u00e1 a mantener m\u00e1s sanos el cabello y la piel.<br \/>\n\u2022 Col\u00e1geno hidrolizado: entre sus innumerables beneficios podemos encontrar<br \/>\nel de proporcionar una estructura el\u00e1stica a la piel y la de fortalecer los huesos.<br \/>\n\u2022 \u00c1cido Hialur\u00f3nico: cuya funci\u00f3n principal es la de retener agua para dotar de<br \/>\nelasticidad y lubricaci\u00f3n a los tejidos.Al encontrarse de manera natural en la piel,<br \/>\nel tejido conectivo y los huesos, con el paso del tiempo \u00e9stos pierden firmeza por<br \/>\nlo que es necesario injerirlo.<br \/>\n\u2022 Coenzima Q10: es un antioxidante naturalmente presente en el organismo<br \/>\nque comparte rutas metab\u00f3licas con vitaminas del grupo B. Su cantidad en<br \/>\nel organismo disminuye con el envejecimiento y tambi\u00e9n si nuestra actividad<br \/>\ndiaria exige un alto gasto energ\u00e9tico, ya que la CoQ10 es esencial a la hora de<br \/>\ntransformar los nutrientes en energ\u00eda con la ayuda del ox\u00edgeno.<br \/>\n\u2022 Vitamina C: la vitamina antioxidante por excelencia y que adem\u00e1s contribuye a<br \/>\nla formaci\u00f3n normal de col\u00e1geno para el funcionamiento normal de los huesos,<br \/>\nlos cart\u00edlagos, enc\u00edas, piel y dientes.<br \/>\n\u2022 Zinc: tiene innumerables beneficios, entre ellos contribuye al mantenimiento<br \/>\ndel cabello, piel, u\u00f1as y huesos, y, adem\u00e1s, es un potente antioxidante porque<br \/>\ncontribuye a la protecci\u00f3n de las c\u00e9lulas frente al da\u00f1o oxidativo.<br \/>\nCon las gominolas Beauty Gummies de Weider puedes olvidarte de tomar las molestas<br \/>\npastillas anti-edad. Cu\u00eddate de una manera m\u00e1s f\u00e1cil y deliciosa casi sin darte cuenta.<\/p>","protected":false},"excerpt":{"rendered":"<p>Para el cuidado de la piel, cabello y u\u00f1as \u2022 Potente f\u00f3rmula anti-aging \u2022 \u2022 Sin gluten y sin az\u00facar<\/p>","protected":false},"featured_media":54815,"template":"","meta":{"inline_featured_image":false},"product_cat":[4792,4793,4763,4783,4767],"product_tag":[],"acf":[],"_links":{"self":[{"href":"https:\/\/weider.syntonize.dev\/en\/wp-json\/wp\/v2\/product\/54804"}],"collection":[{"href":"https:\/\/weider.syntonize.dev\/en\/wp-json\/wp\/v2\/product"}],"about":[{"href":"https:\/\/weider.syntonize.dev\/en\/wp-json\/wp\/v2\/types\/product"}],"wp:featuredmedia":[{"embeddable":true,"href":"https:\/\/weider.syntonize.dev\/en\/wp-json\/wp\/v2\/media\/54815"}],"wp:attachment":[{"href":"https:\/\/weider.syntonize.dev\/en\/wp-json\/wp\/v2\/media?parent=54804"}],"wp:term":[{"taxonomy":"product_cat","embeddable":true,"href":"https:\/\/weider.syntonize.dev\/en\/wp-json\/wp\/v2\/product_cat?post=54804"},{"taxonomy":"product_tag","embeddable":true,"href":"https:\/\/weider.syntonize.dev\/en\/wp-json\/wp\/v2\/product_tag?post=54804"}],"curies":[{"name":"wp","href":"https:\/\/api.w.org\/{rel}","templated":true}]}}