{"id":54765,"date":"2024-07-30T12:20:43","date_gmt":"2024-07-30T10:20:43","guid":{"rendered":"https:\/\/weider.syntonize.dev\/product\/oat-gourmet-flour-harina-de-avena\/"},"modified":"2024-07-30T12:25:04","modified_gmt":"2024-07-30T10:25:04","slug":"oat-gourmet-flour-harina-de-avena","status":"publish","type":"product","link":"https:\/\/weider.syntonize.dev\/en\/product\/oat-gourmet-flour-oat-flour\/","title":{"rendered":"Oat Gourmet Flour (Oat Flour)"},"content":{"rendered":"<p>La avena es un alimento natural completo y nutritivo, que aporta energ\u00eda,<br \/>\nprote\u00ednas, fibra, vitaminas y minerales. Weider Gourmet Oat Flour es harina<br \/>\nde avena instant\u00e1nea de calidad superior, obtenida de granos enteros de<br \/>\navena no OMG y sin az\u00facares a\u00f1adidos. Gourmet Oat Flour se puede utilizar<br \/>\npara preparar batidos de carbohidratos en cualquier momento del d\u00eda en el<br \/>\nque necesites un extra de energ\u00eda, as\u00ed como para elaborar recetas saludables<br \/>\nllenas de sabor y muy nutritivas.<br \/>\nLa harina de avena proporciona de forma natural carbohidratos complejos y<br \/>\nun contenido realmente bajo de az\u00facares. Adem\u00e1s, su alto contenido en fibra<br \/>\nretrasa la digesti\u00f3n de sus almidones y la absorci\u00f3n de la glucosa en sangre.<br \/>\nEsta cualidad la convierte en una de las formas m\u00e1s sanas de consumir<br \/>\ncarbohidratos.<br \/>\nWeider Gourmet Oat Flour proporciona prote\u00ednas de origen vegetal y solo 7,1<br \/>\n% de grasas, con un bajo contenido de grasas saturadas y mayoritariamente<br \/>\nmono y poliinsaturadas. Ayud\u00e1ndote a cuidar la l\u00ednea, tu salud y tu coraz\u00f3n.<\/p>","protected":false},"excerpt":{"rendered":"<p>\u2022 Baja en az\u00facares \u2022 Fuente de prote\u00ednas \u2022 Deliciosos sabores<\/p>","protected":false},"featured_media":54766,"template":"","meta":{"inline_featured_image":false},"product_cat":[4797,4774,4772,4767],"product_tag":[],"acf":[],"_links":{"self":[{"href":"https:\/\/weider.syntonize.dev\/en\/wp-json\/wp\/v2\/product\/54765"}],"collection":[{"href":"https:\/\/weider.syntonize.dev\/en\/wp-json\/wp\/v2\/product"}],"about":[{"href":"https:\/\/weider.syntonize.dev\/en\/wp-json\/wp\/v2\/types\/product"}],"wp:featuredmedia":[{"embeddable":true,"href":"https:\/\/weider.syntonize.dev\/en\/wp-json\/wp\/v2\/media\/54766"}],"wp:attachment":[{"href":"https:\/\/weider.syntonize.dev\/en\/wp-json\/wp\/v2\/media?parent=54765"}],"wp:term":[{"taxonomy":"product_cat","embeddable":true,"href":"https:\/\/weider.syntonize.dev\/en\/wp-json\/wp\/v2\/product_cat?post=54765"},{"taxonomy":"product_tag","embeddable":true,"href":"https:\/\/weider.syntonize.dev\/en\/wp-json\/wp\/v2\/product_tag?post=54765"}],"curies":[{"name":"wp","href":"https:\/\/api.w.org\/{rel}","templated":true}]}}