{"id":54751,"date":"2024-07-30T12:20:43","date_gmt":"2024-07-30T10:20:43","guid":{"rendered":"https:\/\/weider.syntonize.dev\/product\/mega-mass-2000\/"},"modified":"2024-07-30T12:25:04","modified_gmt":"2024-07-30T10:25:04","slug":"mega-mass-2000","status":"publish","type":"product","link":"https:\/\/weider.syntonize.dev\/en\/product\/mega-mass-2000\/","title":{"rendered":"Mega Mass 2000"},"content":{"rendered":"<p>Mega Mass 2000 se ha actualizado para continuar siendo un producto l\u00edder en el aumento de masa y volumen muscular, adapt\u00e1ndose a los \u00faltimos avances cient\u00edficos. Sus principales caracter\u00edsticas son: <\/p>\n<p>67% Hidratos de Carbono: Provenientes de una matriz de maltodextrina de ma\u00edz, almid\u00f3n de trigo nativo, harina de avena integral, almid\u00f3n de ma\u00edz y almid\u00f3n de patata. Esta combinaci\u00f3n reduce el contenido de az\u00facar a apenas un 7%. <\/p>\n<p>19% Prote\u00ednas: Mezcla de concentrado y aislado de suero que mejora el aminograma para facilitar la regeneraci\u00f3n y desarrollo muscular. <\/p>\n<p>Taurina: Mejora la absorci\u00f3n de nutrientes. <\/p>\n<p>Vitaminas y minerales: Optimiza el rendimiento energ\u00e9tico y cubre las necesidades diarias del deportista. <\/p>\n<p>Sin creatina ni aspartamo. <\/p>\n<p>Mega Mass 2000 proporciona la energ\u00eda necesaria para alcanzar tus objetivos, favoreciendo un estado anab\u00f3lico que promueve la ganancia de masa magra sin incrementar la masa grasa. Es el complemento ideal para ganar masa muscular con los \u00faltimos avances nutricionales.<\/p>","protected":false},"excerpt":{"rendered":"<p>\u2022 F\u00f3rmula mejorada de \u00faltima generaci\u00f3n<br \/>\n\u2022 Complejo de carbohidratos con menos az\u00facar<br \/>\n\u2022 Matriz de prote\u00ednas de alta calidad<\/p>","protected":false},"featured_media":54752,"template":"","meta":{"inline_featured_image":false},"product_cat":[4769,4764,4794,4767],"product_tag":[],"acf":[],"_links":{"self":[{"href":"https:\/\/weider.syntonize.dev\/en\/wp-json\/wp\/v2\/product\/54751"}],"collection":[{"href":"https:\/\/weider.syntonize.dev\/en\/wp-json\/wp\/v2\/product"}],"about":[{"href":"https:\/\/weider.syntonize.dev\/en\/wp-json\/wp\/v2\/types\/product"}],"wp:featuredmedia":[{"embeddable":true,"href":"https:\/\/weider.syntonize.dev\/en\/wp-json\/wp\/v2\/media\/54752"}],"wp:attachment":[{"href":"https:\/\/weider.syntonize.dev\/en\/wp-json\/wp\/v2\/media?parent=54751"}],"wp:term":[{"taxonomy":"product_cat","embeddable":true,"href":"https:\/\/weider.syntonize.dev\/en\/wp-json\/wp\/v2\/product_cat?post=54751"},{"taxonomy":"product_tag","embeddable":true,"href":"https:\/\/weider.syntonize.dev\/en\/wp-json\/wp\/v2\/product_tag?post=54751"}],"curies":[{"name":"wp","href":"https:\/\/api.w.org\/{rel}","templated":true}]}}