{"id":54695,"date":"2024-07-30T12:10:05","date_gmt":"2024-07-30T10:10:05","guid":{"rendered":"https:\/\/weider.syntonize.dev\/product\/sauce-zero\/"},"modified":"2024-07-30T12:12:40","modified_gmt":"2024-07-30T10:12:40","slug":"sauce-zero","status":"publish","type":"product","link":"https:\/\/weider.syntonize.dev\/en\/product\/sauce-zero\/","title":{"rendered":"Willow Zero"},"content":{"rendered":"<p>Te presentamos las nuevas salsas 0% de Weider, una nueva opci\u00f3n salada con todo el sabor de las salsas tradicionales, pero sin az\u00facar, sin grasas y pr\u00e1cticamente sin calor\u00edas. Disponibles en 4 sabores: k\u00e9tchup, curry, barbacoa y c\u00e9sar. Te permiten dar sabor a una gran cantidad de platos y recetas. Aunque hayas decidido apartar de tu dieta alimentos cal\u00f3ricos, grasos y ricos en az\u00facar, gracias a su composici\u00f3n, podr\u00e1s seguir disfrutando cada d\u00eda de la comida sana sin renunciar al placer: -Zero az\u00facar: el az\u00facar es uno de los ingredientes principales de la mayor\u00eda de las salsas, tambi\u00e9n de las salsas saladas, as\u00ed como el ingrediente prohibido si deseas cuidar tu dieta. Con las salsas 0% no tendr\u00e1s que preocuparte m\u00e1s, ya que contienen cero az\u00facares. -Zero grasas: ninguno de los 4 sabores suma ni un gramo de grasas a tu dieta, \u00a1perfectas para ali\u00f1ar ensaladas o ese pescado a la plancha que tomas para cenar! -Pr\u00e1cticamente sin calor\u00edas: cada porci\u00f3n contiene aproximadamente a 1 kcal*, \u00a1de pel\u00edcula! -100% Sabor: est\u00e1n espectaculares\u2026 y tenemos poco m\u00e1s que decir, \u00a1mejor compru\u00e9balo t\u00fa mism@! Adem\u00e1s, se presenta en un pr\u00e1ctico envase anti-goteo, que permite guardarlo y conservarlo de forma c\u00f3moda. Weider te ayuda, para que comer bien sea<\/p>","protected":false},"excerpt":{"rendered":"<p>\u2022 Zero az\u00facar<br \/>\n\u2022 Zero grasas<br \/>\n\u2022 100% Sabor<\/p>","protected":false},"featured_media":54696,"template":"","meta":{"inline_featured_image":false},"product_cat":[4797,4763,4781,4767],"product_tag":[],"acf":[],"_links":{"self":[{"href":"https:\/\/weider.syntonize.dev\/en\/wp-json\/wp\/v2\/product\/54695"}],"collection":[{"href":"https:\/\/weider.syntonize.dev\/en\/wp-json\/wp\/v2\/product"}],"about":[{"href":"https:\/\/weider.syntonize.dev\/en\/wp-json\/wp\/v2\/types\/product"}],"wp:featuredmedia":[{"embeddable":true,"href":"https:\/\/weider.syntonize.dev\/en\/wp-json\/wp\/v2\/media\/54696"}],"wp:attachment":[{"href":"https:\/\/weider.syntonize.dev\/en\/wp-json\/wp\/v2\/media?parent=54695"}],"wp:term":[{"taxonomy":"product_cat","embeddable":true,"href":"https:\/\/weider.syntonize.dev\/en\/wp-json\/wp\/v2\/product_cat?post=54695"},{"taxonomy":"product_tag","embeddable":true,"href":"https:\/\/weider.syntonize.dev\/en\/wp-json\/wp\/v2\/product_tag?post=54695"}],"curies":[{"name":"wp","href":"https:\/\/api.w.org\/{rel}","templated":true}]}}