{"id":54520,"date":"2024-07-30T10:22:56","date_gmt":"2024-07-30T08:22:56","guid":{"rendered":"https:\/\/weider.syntonize.dev\/product\/gummies-multivit-costco\/"},"modified":"2024-07-30T10:31:20","modified_gmt":"2024-07-30T08:31:20","slug":"gummies-multivit-costco","status":"publish","type":"product","link":"https:\/\/weider.syntonize.dev\/en\/product\/gummies-multivit-costco\/","title":{"rendered":"GUMMIES MULTIVIT COSTCO"},"content":{"rendered":"<p>DESPIERTA TU ENERG\u00cdA<br \/>\nLA FORMA M\u00c1S DELICIOSA DE<br \/>\nTOMAR VITAMINAS Y MINERALES<br \/>\nSOLO 13 KCAL POR PORCI\u00d3N<br \/>\nSIN AZ\u00daCAR Y LIBRE DE GLUTEN<\/p>\n<p>Multivit de Weider es una forma innovadora de consumir vitaminas y minerales esenciales. En el acelerado estilo de vida actual, las deficiencias nutricionales son comunes. Multivit ofrece una soluci\u00f3n sencilla y deliciosa para asegurar un aporte adecuado de estos nutrientes.<\/p>\n<p>Beneficios de Multivit:<br \/>\nCompleto aporte nutricional: Proporciona el 65% de las necesidades diarias de 9 vitaminas y 3 minerales.<br \/>\nF\u00e1cil y agradable de tomar: Dos caramelos de goma diarios.<br \/>\nVitaminas y minerales incluidos:<br \/>\nVitamina A: Funci\u00f3n inmunol\u00f3gica, absorci\u00f3n del hierro, cuidado de la piel.<br \/>\nVitamina D: Absorci\u00f3n del calcio, cuidado de huesos y m\u00fasculos.<br \/>\nVitamina E: Potente antioxidante.<br \/>\nVitamina C: Sistema inmunol\u00f3gico, formaci\u00f3n de piel, cart\u00edlagos y col\u00e1geno.<br \/>\nVitamina B6: Energ\u00eda, funci\u00f3n del sistema nervioso y metabolismo de prote\u00ednas.<br \/>\nVitamina B5: Energ\u00eda, s\u00edntesis de hormonas, combate el cansancio.<br \/>\nVitamina B12: Metabolismo energ\u00e9tico, formaci\u00f3n de gl\u00f3bulos rojos, funci\u00f3n nerviosa y cognitiva.<br \/>\n\u00c1cido f\u00f3lico: S\u00edntesis de amino\u00e1cidos y formaci\u00f3n de nuevas c\u00e9lulas.<br \/>\nBiotina: Energ\u00eda, cuidado de piel, cabello y u\u00f1as.<br \/>\nZinc: Energ\u00eda, fertilidad y protecci\u00f3n antioxidante.<br \/>\nYodo: Funci\u00f3n cerebral, piel y metabolismo.<br \/>\nSelenio: Sistema inmune, piel y u\u00f1as, antioxidante.<\/p>\n<p>Caracter\u00edsticas adicionales:<\/p>\n<p>Sin az\u00facar: Cada porci\u00f3n de dos caramelos solo proporciona 13 kcal.<br \/>\nDelicioso y nutritivo: Hacer que el consumo de vitaminas sea agradable y divertido.<br \/>\nMultivit de Weider convierte el momento de las vitaminas en el m\u00e1s esperado del d\u00eda, eliminando la necesidad de tomar aburridas pastillas.<\/p>\n<p>MODO DE EMPLEO: Tomar 2 caramelos de goma al d\u00eda.<\/p>","protected":false},"excerpt":{"rendered":"<p>DESPIERTA TU ENERG\u00cdA<br \/>\nLA FORMA M\u00c1S DELICIOSA DE<br \/>\nTOMAR VITAMINAS Y MINERALES<br \/>\nSOLO 13 KCAL POR PORCI\u00d3N<br \/>\nSIN AZ\u00daCAR Y LIBRE DE GLUTEN<\/p>","protected":false},"featured_media":0,"template":"","meta":{"inline_featured_image":false},"product_cat":[4792,4793,4763,4783,4791,4767],"product_tag":[],"acf":[],"_links":{"self":[{"href":"https:\/\/weider.syntonize.dev\/en\/wp-json\/wp\/v2\/product\/54520"}],"collection":[{"href":"https:\/\/weider.syntonize.dev\/en\/wp-json\/wp\/v2\/product"}],"about":[{"href":"https:\/\/weider.syntonize.dev\/en\/wp-json\/wp\/v2\/types\/product"}],"wp:attachment":[{"href":"https:\/\/weider.syntonize.dev\/en\/wp-json\/wp\/v2\/media?parent=54520"}],"wp:term":[{"taxonomy":"product_cat","embeddable":true,"href":"https:\/\/weider.syntonize.dev\/en\/wp-json\/wp\/v2\/product_cat?post=54520"},{"taxonomy":"product_tag","embeddable":true,"href":"https:\/\/weider.syntonize.dev\/en\/wp-json\/wp\/v2\/product_tag?post=54520"}],"curies":[{"name":"wp","href":"https:\/\/api.w.org\/{rel}","templated":true}]}}