{"id":54518,"date":"2024-07-30T10:22:56","date_gmt":"2024-07-30T08:22:56","guid":{"rendered":"https:\/\/weider.syntonize.dev\/product\/gummies-immune-costo\/"},"modified":"2024-07-30T10:31:19","modified_gmt":"2024-07-30T08:31:19","slug":"gummies-immune-costo","status":"publish","type":"product","link":"https:\/\/weider.syntonize.dev\/en\/product\/gummies-immune-costo\/","title":{"rendered":"GUMMIES IMMUNE COSTO"},"content":{"rendered":"<p>IMMUNE<br \/>\nTu mejor defensa<br \/>\n\u2022 Formuladas para reforzar tu sistema inmune<br \/>\n\u2022 9 vitaminas y 3 minerales<br \/>\n\u2022 Enriquecido con Jalea Real y Equin\u00e1cea<\/p>\n<p>Immune es una opci\u00f3n deliciosa y nutritiva para fortalecer tus defensas, gracias a su combinaci\u00f3n de vitaminas esenciales y extractos naturales, sin az\u00facar ni gluten. Ideal para disfrutar mientras te cuidas.<\/p>\n<p>Beneficios y caracter\u00edsticas de Immune:<br \/>\nVitaminas esenciales: Incluye Vitamina C, A, D, E, B6, B12, \u00e1cido f\u00f3lico y biotina, fundamentales para la funci\u00f3n inmune.<br \/>\nExtracto de equin\u00e1cea: Conocido por sus beneficios sobre el sistema inmunol\u00f3gico.<br \/>\nJalea real: Ayuda a estimular las defensas naturales y proporciona energ\u00eda extra, reduciendo la fatiga.<br \/>\nF\u00f3rmula mejorada: Sin az\u00facares a\u00f1adidos, libre de gluten, con extractos vegetales y colorantes y aromas naturales.<\/p>\n<p>MODO DE EMPLEO: Tomar 2 caramelos de goma al d\u00eda.<\/p>","protected":false},"excerpt":{"rendered":"<p>IMMUNE<br \/>\nTu mejor defensa<br \/>\n\u2022 Formuladas para reforzar tu sistema inmune<br \/>\n\u2022 9 vitaminas y 3 minerales<br \/>\n\u2022 Enriquecido con Jalea Real y Equin\u00e1cea<\/p>","protected":false},"featured_media":0,"template":"","meta":{"inline_featured_image":false},"product_cat":[4792,4793,4763,4783,4767],"product_tag":[],"acf":[],"_links":{"self":[{"href":"https:\/\/weider.syntonize.dev\/en\/wp-json\/wp\/v2\/product\/54518"}],"collection":[{"href":"https:\/\/weider.syntonize.dev\/en\/wp-json\/wp\/v2\/product"}],"about":[{"href":"https:\/\/weider.syntonize.dev\/en\/wp-json\/wp\/v2\/types\/product"}],"wp:attachment":[{"href":"https:\/\/weider.syntonize.dev\/en\/wp-json\/wp\/v2\/media?parent=54518"}],"wp:term":[{"taxonomy":"product_cat","embeddable":true,"href":"https:\/\/weider.syntonize.dev\/en\/wp-json\/wp\/v2\/product_cat?post=54518"},{"taxonomy":"product_tag","embeddable":true,"href":"https:\/\/weider.syntonize.dev\/en\/wp-json\/wp\/v2\/product_tag?post=54518"}],"curies":[{"name":"wp","href":"https:\/\/api.w.org\/{rel}","templated":true}]}}