{"id":54507,"date":"2024-07-30T10:56:48","date_gmt":"2024-07-30T08:56:48","guid":{"rendered":"https:\/\/weider.syntonize.dev\/product\/collagen-2\/"},"modified":"2024-07-30T11:18:35","modified_gmt":"2024-07-30T09:18:35","slug":"collagen-2","status":"publish","type":"product","link":"https:\/\/weider.syntonize.dev\/en\/product\/collagen-2\/","title":{"rendered":"Collagen"},"content":{"rendered":"<p>Col\u00e1geno hidrolizado (1.000 mg)<br \/>\nCon Vitamina C<br \/>\nSin az\u00facar y sin gluten<\/p>\n<p>Collagen Gummies de Weider est\u00e1n dise\u00f1adas para apoyar la producci\u00f3n de col\u00e1geno en el cuerpo, una prote\u00edna crucial para la elasticidad y regeneraci\u00f3n de la piel, huesos y cart\u00edlagos. A medida que envejecemos, nuestra capacidad natural de sintetizar col\u00e1geno disminuye, por lo que estos suplementos son ideales para compensar esa p\u00e9rdida.<\/p>\n<p>Los ingredientes de Collagen Gummies han sido cuidadosamente seleccionados para estimular la producci\u00f3n de col\u00e1geno y ayudar a prevenir la degeneraci\u00f3n de huesos y cart\u00edlagos. Adem\u00e1s, su f\u00f3rmula sin az\u00facar es excepcional para proteger la piel del envejecimiento y del da\u00f1o oxidativo, manteni\u00e9ndola tersa y joven por m\u00e1s tiempo.<\/p>\n<p>Estos gummies est\u00e1n enriquecidos con vitamina C, esencial para la correcta formaci\u00f3n de las fibras de col\u00e1geno. La vitamina C tambi\u00e9n act\u00faa como un poderoso antioxidante que protege las c\u00e9lulas de la piel, cart\u00edlagos y huesos del da\u00f1o oxidativo.<\/p>","protected":false},"excerpt":{"rendered":"<p>Col\u00e1geno hidrolizado (1.000 mg)<br \/>\nCon Vitamina C<br \/>\nSin az\u00facar y sin gluten<\/p>","protected":false},"featured_media":54607,"template":"","meta":{"inline_featured_image":false},"product_cat":[4792,4798,4793,4763,4783,4767],"product_tag":[],"acf":[],"_links":{"self":[{"href":"https:\/\/weider.syntonize.dev\/en\/wp-json\/wp\/v2\/product\/54507"}],"collection":[{"href":"https:\/\/weider.syntonize.dev\/en\/wp-json\/wp\/v2\/product"}],"about":[{"href":"https:\/\/weider.syntonize.dev\/en\/wp-json\/wp\/v2\/types\/product"}],"wp:featuredmedia":[{"embeddable":true,"href":"https:\/\/weider.syntonize.dev\/en\/wp-json\/wp\/v2\/media\/54607"}],"wp:attachment":[{"href":"https:\/\/weider.syntonize.dev\/en\/wp-json\/wp\/v2\/media?parent=54507"}],"wp:term":[{"taxonomy":"product_cat","embeddable":true,"href":"https:\/\/weider.syntonize.dev\/en\/wp-json\/wp\/v2\/product_cat?post=54507"},{"taxonomy":"product_tag","embeddable":true,"href":"https:\/\/weider.syntonize.dev\/en\/wp-json\/wp\/v2\/product_tag?post=54507"}],"curies":[{"name":"wp","href":"https:\/\/api.w.org\/{rel}","templated":true}]}}