{"id":54490,"date":"2024-07-30T10:56:48","date_gmt":"2024-07-30T08:56:48","guid":{"rendered":"https:\/\/weider.syntonize.dev\/product\/calcium\/"},"modified":"2024-07-30T11:19:04","modified_gmt":"2024-07-30T09:19:04","slug":"calcium","status":"publish","type":"product","link":"https:\/\/weider.syntonize.dev\/en\/product\/calcium\/","title":{"rendered":"Calcium"},"content":{"rendered":"<p>Ayuda a mantener una salud osea normal<br \/>\nEnriquecido con vitamina D y K<br \/>\nSin az\u00facar y sin gluten<\/p>\n<p>Calcium Gummies ofrece una forma deliciosa y esponjosa de obtener los nutrientes clave para la salud \u00f3sea. No solo proporciona calcio, esencial para la estructura de huesos y dientes, sino que tambi\u00e9n incluye vitamina D y vitamina K para asegurar una absorci\u00f3n y metabolizaci\u00f3n adecuadas del calcio.<\/p>\n<p>Beneficios de Calcium Gummies:<\/p>\n<p>Calcio: Fundamental para la estructura \u00f3sea y dental. Dos caramelos de goma proporcionan 250 mg de calcio, equivalente a un vaso de leche.<br \/>\nVitamina D3: Facilita la absorci\u00f3n y metabolizaci\u00f3n del calcio.<br \/>\nVitamina K2: Importante para el mantenimiento de unos huesos fuertes y sanos.<br \/>\nLibre de gluten: Apto para personas con sensibilidad al gluten.<br \/>\nSin az\u00facar y bajo en grasas: Adecuado para diab\u00e9ticos y quienes controlan su peso.<br \/>\nImportancia de las vitaminas para la salud \u00f3sea:<br \/>\nVitamina D: Ayuda a absorber el calcio de los alimentos y a mantener niveles adecuados en la sangre.<br \/>\nVitamina K: Contribuye a la mineralizaci\u00f3n \u00f3sea y puede ayudar a reducir la p\u00e9rdida \u00f3sea.<\/p>","protected":false},"excerpt":{"rendered":"<p>Ayuda a mantener una salud osea normal<br \/>\nEnriquecido con vitamina D y K<br \/>\nSin az\u00facar y sin gluten<\/p>","protected":false},"featured_media":54595,"template":"","meta":{"inline_featured_image":false},"product_cat":[4792,4793,4763,4783,4791,4767],"product_tag":[],"acf":[],"_links":{"self":[{"href":"https:\/\/weider.syntonize.dev\/en\/wp-json\/wp\/v2\/product\/54490"}],"collection":[{"href":"https:\/\/weider.syntonize.dev\/en\/wp-json\/wp\/v2\/product"}],"about":[{"href":"https:\/\/weider.syntonize.dev\/en\/wp-json\/wp\/v2\/types\/product"}],"wp:featuredmedia":[{"embeddable":true,"href":"https:\/\/weider.syntonize.dev\/en\/wp-json\/wp\/v2\/media\/54595"}],"wp:attachment":[{"href":"https:\/\/weider.syntonize.dev\/en\/wp-json\/wp\/v2\/media?parent=54490"}],"wp:term":[{"taxonomy":"product_cat","embeddable":true,"href":"https:\/\/weider.syntonize.dev\/en\/wp-json\/wp\/v2\/product_cat?post=54490"},{"taxonomy":"product_tag","embeddable":true,"href":"https:\/\/weider.syntonize.dev\/en\/wp-json\/wp\/v2\/product_tag?post=54490"}],"curies":[{"name":"wp","href":"https:\/\/api.w.org\/{rel}","templated":true}]}}