{"id":54427,"date":"2024-07-30T10:19:10","date_gmt":"2024-07-30T08:19:10","guid":{"rendered":"https:\/\/weider.syntonize.dev\/product\/vitamin-d3-k2-120-caps\/"},"modified":"2024-07-30T10:19:15","modified_gmt":"2024-07-30T08:19:15","slug":"vitamin-d3-k2-120-caps","status":"publish","type":"product","link":"https:\/\/weider.syntonize.dev\/en\/product\/vitamin-d3-k2-120-caps\/","title":{"rendered":"Vitamin D3\/K2 120 caps"},"content":{"rendered":"<p>Dado que te\u00f3ricamente el cuerpo humano es capaz de producir suficiente vitamina D por<br \/>\ns\u00ed mismo, en realidad la vitamina D no es realmente una vitamina, sino una hormona. Para<br \/>\nproducir vitamina D, el cuerpo necesita tanto el colesterol precursor como la radiaci\u00f3n UV-B<br \/>\ndel sol, y aqu\u00ed es donde se vuelve dif\u00edcil para la mayor\u00eda de las personas:<br \/>\nPasamos la mayor parte de nuestro tiempo en interiores. Cuando salimos de casa, cubrimos<br \/>\nla mayor\u00eda de nuestra piel productora de vitamina D con ropa. Durante el verano, usamos<br \/>\nprotector solar para protegernos de los efectos potencialmente da\u00f1inos del sol, \u00a1y as\u00ed<br \/>\ninhibimos la s\u00edntesis de vitamina D! Aparte de eso, tanto nuestra edad como nuestro tipo de<br \/>\npiel tienen una gran influencia en nuestra producci\u00f3n de vitamina D.<br \/>\nEn la mayor\u00eda de las partes de Europa, el \u00e1ngulo con el que el sol alcanza la Tierra es<br \/>\ndemasiado bajo, lo que significa una exposici\u00f3n insuficiente a los rayos UV-B para la s\u00edntesis<br \/>\nde vitamina D. Un cielo nublado tambi\u00e9n impide una radiaci\u00f3n UV-B adem\u00e1s, los alimentos<br \/>\nricos en vitamina D son raros por lo que obtener vitamian D a trav\u00e9s de los alimentos apenas<br \/>\nes posible y se recomienda la sumplementaci\u00f3n de la misma.<br \/>\nLa vitamina D contribuye al mantenimiento de huesos y dientes normales, a una funci\u00f3n<br \/>\nmuscular normal y a una funci\u00f3n inmunitaria normal. Por lo que una deficiencia de vitamina<br \/>\nD puede conducir a alteraciones en el metabolismo \u00f3seo y enfermedades como el<br \/>\nraquitismo (en ni\u00f1os) o la osteomalacia (en adultos).<br \/>\nEn cuanto a sus efectos en el sistema inmunitario innato y adaptativo, la vitamina D juega<br \/>\nun papel importante en la diferenciaci\u00f3n (maduraci\u00f3n) de muchas c\u00e9lulas inmunol\u00f3gicas<br \/>\ndiferentes, como monocitos, macr\u00f3fagos y linfocitos (por ejemplo, c\u00e9lulas B y c\u00e9lulas T).<br \/>\nEn WEIDER, nuestra misi\u00f3n es proporcionarte los mejores suplementos nutricionales para que<br \/>\npuedas rendir al m\u00e1ximo, vivir una vida saludable y alcanzar tus metas personales. Con m\u00e1s<br \/>\nde 85 a\u00f1os de experiencia en esta industria, hemos comprendido la importancia de utilizar<br \/>\nsolo ingredientes de la mayor calidad y confianza en todos nuestros productos.<\/p>","protected":false},"excerpt":{"rendered":"<p>1000 UI de la vitamina del sol por c\u00e1psula.<br \/>\nCon la calidad premium de K2Vital, vitamina K2 MK-7.<br \/>\nProporciona el magnesio, cofactor importante para activar la vitamina D.<\/p>","protected":false},"featured_media":53609,"template":"","meta":{"inline_featured_image":false},"product_cat":[4793,4772,4791,4767],"product_tag":[],"acf":[],"_links":{"self":[{"href":"https:\/\/weider.syntonize.dev\/en\/wp-json\/wp\/v2\/product\/54427"}],"collection":[{"href":"https:\/\/weider.syntonize.dev\/en\/wp-json\/wp\/v2\/product"}],"about":[{"href":"https:\/\/weider.syntonize.dev\/en\/wp-json\/wp\/v2\/types\/product"}],"wp:featuredmedia":[{"embeddable":true,"href":"https:\/\/weider.syntonize.dev\/en\/wp-json\/wp\/v2\/media\/53609"}],"wp:attachment":[{"href":"https:\/\/weider.syntonize.dev\/en\/wp-json\/wp\/v2\/media?parent=54427"}],"wp:term":[{"taxonomy":"product_cat","embeddable":true,"href":"https:\/\/weider.syntonize.dev\/en\/wp-json\/wp\/v2\/product_cat?post=54427"},{"taxonomy":"product_tag","embeddable":true,"href":"https:\/\/weider.syntonize.dev\/en\/wp-json\/wp\/v2\/product_tag?post=54427"}],"curies":[{"name":"wp","href":"https:\/\/api.w.org\/{rel}","templated":true}]}}