{"id":54426,"date":"2024-07-30T10:19:10","date_gmt":"2024-07-30T08:19:10","guid":{"rendered":"https:\/\/weider.syntonize.dev\/product\/cbd-cream\/"},"modified":"2024-07-30T10:19:15","modified_gmt":"2024-07-30T08:19:15","slug":"cbd-cream","status":"publish","type":"product","link":"https:\/\/weider.syntonize.dev\/en\/product\/cbd-cream\/","title":{"rendered":"CBD Cream"},"content":{"rendered":"<p>CBD Cream es una crema de masaje con cannabidiol (CBD), \u00e1rnica, cal\u00e9ndula, mantequilla de uccuba y eucalipto. Unos ingredientes cuidadosamente escogidos por sus conocidas propiedades calmantes y reconfortantes.<br \/>\nLa cuidada selecci\u00f3n de ingredientes de origen 99% natural, as\u00ed como la sinergia que se crea entre ellos, hacen de esta crema la opci\u00f3n ideal de uso t\u00f3pico para personas con procesos inflamatorios.<br \/>\nEs perfecta antes o despu\u00e9s de la actividad deportiva, pero tambi\u00e9n puede ser aplicada en cualquier momento del d\u00eda en la que se desee sentir el alivio de un agradable masaje.<br \/>\nMasajea suavemente la piel y sentir\u00e1s una agradable sensaci\u00f3n de alivio y bienestar.<br \/>\nPrincipios activos destacados:<br \/>\n\u2022 C\u00e1\u00f1amo: uno de los principales activos y m\u00e1s diferenciadores de esta crema, es el cannabidiol, m\u00e1s conocido como CBD: cannabinoide no psicoactivo de la planta del c\u00e1\u00f1amo, al cual se le atribuyen propiedades antiinflamatorias y antioxidantes.<br \/>\n\u2022 Cal\u00e9ndula: ingrediente natural conocido por sus efectos antiinflamatorios. Ideal para pieles sensibles e irritadas, purifica y tiene efectos antis\u00e9pticos.<br \/>\n\u2022 \u00c1rnica: aceite hidratante es conocido por sus propiedades calmantes.<br \/>\n\u2022 Eucalipto: El aceite de eucalipto tiene propiedades antiinflamatorias y calmantes. Con propiedades antis\u00e9pticas, purificantes y cicatrizantes.<br \/>\n\u2022 Mantequilla de uccuba: suaviza, repara e hidrata<\/p>","protected":false},"excerpt":{"rendered":"<p>Crema de masaje deportivo<br \/>\n, Contiene cannabidiol (CBD)<br \/>\n, Sensaci\u00f3n reconfortante.<\/p>","protected":false},"featured_media":53605,"template":"","meta":{"inline_featured_image":false},"product_cat":[4799,4767],"product_tag":[],"acf":[],"_links":{"self":[{"href":"https:\/\/weider.syntonize.dev\/en\/wp-json\/wp\/v2\/product\/54426"}],"collection":[{"href":"https:\/\/weider.syntonize.dev\/en\/wp-json\/wp\/v2\/product"}],"about":[{"href":"https:\/\/weider.syntonize.dev\/en\/wp-json\/wp\/v2\/types\/product"}],"wp:featuredmedia":[{"embeddable":true,"href":"https:\/\/weider.syntonize.dev\/en\/wp-json\/wp\/v2\/media\/53605"}],"wp:attachment":[{"href":"https:\/\/weider.syntonize.dev\/en\/wp-json\/wp\/v2\/media?parent=54426"}],"wp:term":[{"taxonomy":"product_cat","embeddable":true,"href":"https:\/\/weider.syntonize.dev\/en\/wp-json\/wp\/v2\/product_cat?post=54426"},{"taxonomy":"product_tag","embeddable":true,"href":"https:\/\/weider.syntonize.dev\/en\/wp-json\/wp\/v2\/product_tag?post=54426"}],"curies":[{"name":"wp","href":"https:\/\/api.w.org\/{rel}","templated":true}]}}