{"id":54423,"date":"2024-07-30T10:19:10","date_gmt":"2024-07-30T08:19:10","guid":{"rendered":"https:\/\/weider.syntonize.dev\/product\/magnesium-complex-caps\/"},"modified":"2024-07-30T10:19:14","modified_gmt":"2024-07-30T08:19:14","slug":"magnesium-complex-caps","status":"publish","type":"product","link":"https:\/\/weider.syntonize.dev\/en\/product\/magnesium-complex-caps\/","title":{"rendered":"Magnesium Complex caps"},"content":{"rendered":"<p>Cada porci\u00f3n de nuestro Magnesium Complex de calidad premium contiene 250 mg<br \/>\nde magnesio elemental que proviene de tres fuentes org\u00e1nicas altamente<br \/>\nbiodisponibles: citrato de magnesio, malato de magnesio y bisglicinato de magnesio.<br \/>\nEsta combinaci\u00f3n hace que nuestro complejo de magnesio sea el suplemento<br \/>\nperfecto para cubrir una mayor demanda de este micronutriente altamente<br \/>\nimportante (por ejemplo, para atletas ambiciosos o personas f\u00edsicamente activas).<br \/>\nAl ser un mineral esencial, el magnesio debe ser ingerido regularmente a trav\u00e9s de los<br \/>\nalimentos o suplementos para evitar una deficiencia. En el cuerpo humano, el<br \/>\nmagnesio es necesario para aproximadamente 300 reacciones enzim\u00e1ticas y<br \/>\nprocesos metab\u00f3licos diferentes, desempe\u00f1ando un papel crucial en la divisi\u00f3n<br \/>\ncelular, la s\u00edntesis de prote\u00ednas y el metabolismo energ\u00e9tico.<br \/>\nAproximadamente el 65% del magnesio en el cuerpo humano se encuentra en el<br \/>\nesqueleto, por lo que el magnesio tambi\u00e9n desempe\u00f1a un papel importante en el<br \/>\nmantenimiento de la salud \u00f3sea. Adem\u00e1s, el magnesio est\u00e1 involucrado en la funci\u00f3n<br \/>\nmuscular y el funcionamiento normal del sistema nervioso. Tambi\u00e9n contribuye a la<br \/>\nreducci\u00f3n del cansancio y la fatiga, a la funci\u00f3n psicol\u00f3gica normal y es esencial para<br \/>\nel mantenimiento de un equilibrio electrol\u00edtico normal.<br \/>\nRecomendamos tomar dos c\u00e1psulas justo despu\u00e9s de tu entrenamiento intenso o por<br \/>\nla noche antes de acostarte.<br \/>\nEn WEIDER, nuestra misi\u00f3n es proporcionarte los mejores suplementos nutricionales<br \/>\npara que puedas rendir al m\u00e1ximo y llevar una vida saludable y activa. Con una<br \/>\nincre\u00edble experiencia de 85 a\u00f1os en esta industria, hemos comprendido la importancia<br \/>\nde utilizar solo ingredientes de la mayor calidad y confianza en todos nuestros<br \/>\nproductos.<\/p>","protected":false},"excerpt":{"rendered":"<p>Mayor biodisponibilidad,<br \/>\n250mg de magnesio elemental por porci\u00f3n<br \/>\n, C\u00e1psulas veganas- sin rellenos- sin colorantes<\/p>","protected":false},"featured_media":53593,"template":"","meta":{"inline_featured_image":false},"product_cat":[4799,4800,4781,4767],"product_tag":[],"acf":[],"_links":{"self":[{"href":"https:\/\/weider.syntonize.dev\/en\/wp-json\/wp\/v2\/product\/54423"}],"collection":[{"href":"https:\/\/weider.syntonize.dev\/en\/wp-json\/wp\/v2\/product"}],"about":[{"href":"https:\/\/weider.syntonize.dev\/en\/wp-json\/wp\/v2\/types\/product"}],"wp:featuredmedia":[{"embeddable":true,"href":"https:\/\/weider.syntonize.dev\/en\/wp-json\/wp\/v2\/media\/53593"}],"wp:attachment":[{"href":"https:\/\/weider.syntonize.dev\/en\/wp-json\/wp\/v2\/media?parent=54423"}],"wp:term":[{"taxonomy":"product_cat","embeddable":true,"href":"https:\/\/weider.syntonize.dev\/en\/wp-json\/wp\/v2\/product_cat?post=54423"},{"taxonomy":"product_tag","embeddable":true,"href":"https:\/\/weider.syntonize.dev\/en\/wp-json\/wp\/v2\/product_tag?post=54423"}],"curies":[{"name":"wp","href":"https:\/\/api.w.org\/{rel}","templated":true}]}}