{"id":54415,"date":"2024-07-30T10:19:10","date_gmt":"2024-07-30T08:19:10","guid":{"rendered":"https:\/\/weider.syntonize.dev\/product\/bebida-isotonica-naranja\/"},"modified":"2024-07-30T10:19:11","modified_gmt":"2024-07-30T08:19:11","slug":"bebida-isotonica-naranja","status":"publish","type":"product","link":"https:\/\/weider.syntonize.dev\/en\/product\/bebida-isotonica-naranja\/","title":{"rendered":"BEBIDA ISOTONICA NARANJA"},"content":{"rendered":"<p>La Bebida Isot\u00f3nica Weider es la elecci\u00f3n perfecta para quienes buscan una fuente de energ\u00eda r\u00e1pida y duradera. Especialmente formulada para rehidratar y reponer los electrolitos perdidos durante el ejercicio f\u00edsico intenso, esta bebida isot\u00f3nica ofrece un sabor refrescante a naranja que te revitaliza al instante. Beneficios Destacados: \u2022 Energ\u00eda R\u00e1pida y Duradera: Gracias a su combinaci\u00f3n especial de carbohidratos, la Bebida Isot\u00f3nica Weider proporciona una liberaci\u00f3n de energ\u00eda sostenida, ideal para mantener el rendimiento durante actividades f\u00edsicas prolongadas. \u2022 Rehidrataci\u00f3n \u00d3ptima: Ayuda a reponer los electrolitos y l\u00edquidos perdidos, asegurando que tu cuerpo se mantenga hidratado y funcionando al m\u00e1ximo. \u2022 Sabor Refrescante: Un delicioso sabor a naranja que hace que sea una bebida agradable de consumir en cualquier momento. Por lo tanto, la Bebida Isot\u00f3nica Weider es la compa\u00f1era perfecta para cualquier atleta que busque mejorar su rendimiento y mantener sus niveles de energ\u00eda y hidrataci\u00f3n. Con su f\u00f3rmula avanzada y sabor agradable<\/p>","protected":false},"excerpt":{"rendered":"<p>Energia rapida y duradera<br \/>\nLa mejor opci\u00f3n para hidratarte<br \/>\nSaca el mayor rendimiento de tus entrenos<\/p>","protected":false},"featured_media":53571,"template":"","meta":{"inline_featured_image":false},"product_cat":[4790,4776,4782],"product_tag":[],"acf":[],"_links":{"self":[{"href":"https:\/\/weider.syntonize.dev\/en\/wp-json\/wp\/v2\/product\/54415"}],"collection":[{"href":"https:\/\/weider.syntonize.dev\/en\/wp-json\/wp\/v2\/product"}],"about":[{"href":"https:\/\/weider.syntonize.dev\/en\/wp-json\/wp\/v2\/types\/product"}],"wp:featuredmedia":[{"embeddable":true,"href":"https:\/\/weider.syntonize.dev\/en\/wp-json\/wp\/v2\/media\/53571"}],"wp:attachment":[{"href":"https:\/\/weider.syntonize.dev\/en\/wp-json\/wp\/v2\/media?parent=54415"}],"wp:term":[{"taxonomy":"product_cat","embeddable":true,"href":"https:\/\/weider.syntonize.dev\/en\/wp-json\/wp\/v2\/product_cat?post=54415"},{"taxonomy":"product_tag","embeddable":true,"href":"https:\/\/weider.syntonize.dev\/en\/wp-json\/wp\/v2\/product_tag?post=54415"}],"curies":[{"name":"wp","href":"https:\/\/api.w.org\/{rel}","templated":true}]}}