{"id":54414,"date":"2024-07-30T10:19:10","date_gmt":"2024-07-30T08:19:10","guid":{"rendered":"https:\/\/weider.syntonize.dev\/product\/salt-effervescent-citrus\/"},"modified":"2024-07-30T10:19:11","modified_gmt":"2024-07-30T08:19:11","slug":"salt-effervescent-citrus","status":"publish","type":"product","link":"https:\/\/weider.syntonize.dev\/en\/product\/salt-effervescent-citrus\/","title":{"rendered":"Salt Effervescent Citrus"},"content":{"rendered":"<p>Cada tableta aporta la dosis \u00f3ptima para la reposici\u00f3n de los<br \/>\nsiguientes minerales:<br \/>\n&#8211; Sodio y Potasio: Durante una pr\u00e1ctica deportiva prolongada es<br \/>\nmuy f\u00e1cil perder estos electrolitos bien por el sudor, bien por otros l\u00edquidos<br \/>\ncorporales. Salt Effervescent Tabs te aporta minerales para ayudarte a prevenir<br \/>\nel desequilibrio electrol\u00edtico y sus consecuencias m\u00e1s comunes.<br \/>\n&#8211; Calcio: Este mineral contribuye al metabolismo energ\u00e9tico normal y<br \/>\nal funcionamiento normal de los m\u00fasculos.<br \/>\n&#8211; Magnesio: El magnesio es muy importante para una adecuada<br \/>\nhidrataci\u00f3n ya que contribuye al equilibrio electrol\u00edtico, y en una cantidad<br \/>\nsuficiente tambi\u00e9n ayuda a disminuir el cansancio y la fatiga.<br \/>\n&#8211; Zinc: Este mineral contribuye al metabolismo normal de los<br \/>\nmacronutrientes y al metabolismo normal de los \u00e1cidos grasos, as\u00ed como al<br \/>\nfuncionamiento normal del sistema inmune. Por lo que su presencia en Salt<br \/>\nEffervescent Tabs, supone un excelente refuerzo para deportistas.<br \/>\nPero adem\u00e1s las tabletas contienen las siguientes vitaminas, muy importantes<br \/>\npara un adecuado funcionamiento del organismo, especialmente durante<br \/>\nsituaciones de estr\u00e9s como es el ejercicio f\u00edsico:<br \/>\n&#8211; Tiamina: Contribuye tanto al metabolismo energ\u00e9tico normal como<br \/>\nal funcionamiento normal del sistema inmunol\u00f3gico.<br \/>\n&#8211; Riboflavina: Ayuda a disminuir el cansancio y la fatiga, as\u00ed como<br \/>\nal mantenimiento de los gl\u00f3bulos rojos en condiciones normales.<br \/>\n&#8211; Vitamina B6: entre otras muchas acciones, la vitamina B6 tambi\u00e9n<br \/>\ncontribuye al metabolismo energ\u00e9tico normal, al metabolismo normal de las<br \/>\nprote\u00ednas y del gluc\u00f3geno, as\u00ed como a disminuir el cansancio y la fatiga.<\/p>","protected":false},"excerpt":{"rendered":"<p>5 electrolitos y 3 vitaminas<br \/>\nF\u00e1cil disoluci\u00f3n y sabor agradable<br \/>\nApto para veganos, sin gluten, sin lactosa<\/p>","protected":false},"featured_media":53567,"template":"","meta":{"inline_featured_image":false},"product_cat":[4790,4782,4791],"product_tag":[],"acf":[],"_links":{"self":[{"href":"https:\/\/weider.syntonize.dev\/en\/wp-json\/wp\/v2\/product\/54414"}],"collection":[{"href":"https:\/\/weider.syntonize.dev\/en\/wp-json\/wp\/v2\/product"}],"about":[{"href":"https:\/\/weider.syntonize.dev\/en\/wp-json\/wp\/v2\/types\/product"}],"wp:featuredmedia":[{"embeddable":true,"href":"https:\/\/weider.syntonize.dev\/en\/wp-json\/wp\/v2\/media\/53567"}],"wp:attachment":[{"href":"https:\/\/weider.syntonize.dev\/en\/wp-json\/wp\/v2\/media?parent=54414"}],"wp:term":[{"taxonomy":"product_cat","embeddable":true,"href":"https:\/\/weider.syntonize.dev\/en\/wp-json\/wp\/v2\/product_cat?post=54414"},{"taxonomy":"product_tag","embeddable":true,"href":"https:\/\/weider.syntonize.dev\/en\/wp-json\/wp\/v2\/product_tag?post=54414"}],"curies":[{"name":"wp","href":"https:\/\/api.w.org\/{rel}","templated":true}]}}