{"id":54412,"date":"2024-07-30T10:19:10","date_gmt":"2024-07-30T08:19:10","guid":{"rendered":"https:\/\/weider.syntonize.dev\/product\/iso-carbo-naranja\/"},"modified":"2024-07-30T10:19:10","modified_gmt":"2024-07-30T08:19:10","slug":"iso-carbo-naranja","status":"publish","type":"product","link":"https:\/\/weider.syntonize.dev\/en\/product\/iso-carbo-naranja\/","title":{"rendered":"Iso Carbo Naranja"},"content":{"rendered":"<p>ISO CARBO de Victory Endurance es una bebida de \u00faltima<br \/>\ngeneraci\u00f3n dise\u00f1ada para satisfacer todos los requerimientos<br \/>\nque los deportistas necesitan durante las pruebas m\u00e1s exigentes.<br \/>\nISO CARBO retrasa la fatiga y mejora el rendimiento porque<br \/>\nsus estudiados ingredientes son capaces de aportar m\u00e1s<br \/>\ncantidad de carbohidratos, es decir, m\u00e1s energ\u00eda, en la misma<br \/>\ncantidad de volumen que una bebida isot\u00f3nica convencional.<br \/>\nManteniendo el aporte de sales minerales y, por supuesto,<br \/>\ncon la misma digestibilidad para asegurarnos una r\u00e1pida<br \/>\nasimilaci\u00f3n y, por lo tanto, una correcta hidrataci\u00f3n.<br \/>\nAs\u00ed act\u00faan sus novedosos ingredientes:<br \/>\n&#8211; Amilopectina: carbohidrato de alto peso molecular<br \/>\ncuya estructura qu\u00edmica le proporciona una muy baja<br \/>\nOsmolalidad en disoluci\u00f3n, esto le permite pasar<br \/>\nr\u00e1pidamente por el est\u00f3mago, estando disponible para que<br \/>\nla c\u00e9lula muscular lo pueda usar como fuente de energ\u00eda.<br \/>\n&#8211; Palatinosa\u00ae: (marca registrada de Isomaltulosa) es un<br \/>\ntipo de az\u00facar que debido a su m\u00e9todo de elaboraci\u00f3n<br \/>\nes de bajo \u00edndice gluc\u00e9mico (IG), es decir, que nos<br \/>\nproporciona energ\u00eda a largo plazo. Tiene un IG parecido<br \/>\nal de la fructosa pero con una alta digestibilidad, es decir,<br \/>\nnos aporta las mismas caracter\u00edsticas energ\u00e9ticas, pero<br \/>\nsin las molestias estomacales o digestivas que produce<br \/>\nla fructosa.<br \/>\n&#8211; Con electrolitos: con todas las sales minerales<br \/>\nnecesarias para retrasar\/evitar la deshidrataci\u00f3n durante<br \/>\nla pr\u00e1ctica deportiva. Nos asegura la retenci\u00f3n de agua<br \/>\ndentro de la c\u00e9lula, la contracci\u00f3n\/relajaci\u00f3n muscular<br \/>\npara evitar calambres, etc.<br \/>\n&#8211; Con vitaminas (C y B1): fundamentales para<br \/>\ntransformar los hidratos de carbono en energ\u00eda, con<br \/>\ncapacidad antioxidante, etc.<\/p>","protected":false},"excerpt":{"rendered":"<p>Hidrataci\u00f3n \u00f3ptima con un extra de energ\u00eda<br \/>\nCon Amilopectina, Palatinosa\u2122 y pol\u00edmeros de glucosa<br \/>\nCon electrolitos, sales minerales y vitaminas<\/p>","protected":false},"featured_media":53561,"template":"","meta":{"inline_featured_image":false},"product_cat":[4790,4789,4776,4782,4791],"product_tag":[],"acf":[],"_links":{"self":[{"href":"https:\/\/weider.syntonize.dev\/en\/wp-json\/wp\/v2\/product\/54412"}],"collection":[{"href":"https:\/\/weider.syntonize.dev\/en\/wp-json\/wp\/v2\/product"}],"about":[{"href":"https:\/\/weider.syntonize.dev\/en\/wp-json\/wp\/v2\/types\/product"}],"wp:featuredmedia":[{"embeddable":true,"href":"https:\/\/weider.syntonize.dev\/en\/wp-json\/wp\/v2\/media\/53561"}],"wp:attachment":[{"href":"https:\/\/weider.syntonize.dev\/en\/wp-json\/wp\/v2\/media?parent=54412"}],"wp:term":[{"taxonomy":"product_cat","embeddable":true,"href":"https:\/\/weider.syntonize.dev\/en\/wp-json\/wp\/v2\/product_cat?post=54412"},{"taxonomy":"product_tag","embeddable":true,"href":"https:\/\/weider.syntonize.dev\/en\/wp-json\/wp\/v2\/product_tag?post=54412"}],"curies":[{"name":"wp","href":"https:\/\/api.w.org\/{rel}","templated":true}]}}