{"id":54402,"date":"2024-07-30T10:18:58","date_gmt":"2024-07-30T08:18:58","guid":{"rendered":"https:\/\/weider.syntonize.dev\/product\/thermo-caps\/"},"modified":"2024-07-30T10:19:06","modified_gmt":"2024-07-30T08:19:06","slug":"thermo-caps","status":"publish","type":"product","link":"https:\/\/weider.syntonize.dev\/en\/product\/thermo-caps\/","title":{"rendered":"Thermo Caps"},"content":{"rendered":"<p>THERMO CAPS ha sido dise\u00f1ado con la mejor combinaci\u00f3n de ingredientes para optimizar tus resultados, ya que adem\u00e1s de tener propiedades termog\u00e9nicas y quema-grasas, es muy eficaz en periodos de dieta porque nos ayuda a controlar el apetito y la ansiedad. <\/p>\n<p>Su f\u00f3rmula combina: <\/p>\n<p>\u2022 L-Carnitina: es la mol\u00e9cula encargada de transportar los \u00e1cidos grasos al interior de la mitocondria, en ella las grasas pueden ser utilizadas como fuente de energ\u00eda, podr\u00edamos decir que son las \u201ccalderas\u201d del organismo. Adem\u00e1s, si estamos realizando entrenamientos muy intensos tambi\u00e9n nos ayudar\u00e1 a recuperarnos de los mismos, por lo que nos ayuda a conseguir nuestros objetivos. <\/p>\n<p>\u2022 Cafe\u00edna: que proviene de los diferentes extractos que presenta la f\u00f3rmula, como son el extracto de T\u00e9 verde, el de Guaran\u00e1 y el de hierba Mate. Tiene un efecto estimulante por lo que aumenta la concentraci\u00f3n, la capacidad de respuesta y la termog\u00e9nesis, por lo que tambi\u00e9n retrasa la fatiga. Por esto podemos hacer entrenamientos m\u00e1s intensos, m\u00e1s duraderos, consumir mayor cantidad de calor\u00edas y quemar m\u00e1s grasa.<br \/>\n\u2022 KFS (Extracto de C\u00farcuma): Es un precursor de sustancias que ayudan a disminuir la sensaci\u00f3n de hambre aumentando la saciedad. Estudios cient\u00edficos han demostrado que personas suplementadas con KFS redujeron la ansiedad durante las dietas hipocal\u00f3ricas.<br \/>\n\u2022 Cayena: Aumenta las propiedades termog\u00e9nicas. \u2022 Niacina (Vitamina B3): Act\u00faa como cofactor de coenzimas que intervienen en numerosas reacciones relacionadas con el metabolismo energ\u00e9tico: sobre todo con el de la glucosa (en la gluc\u00f3lisis), la grasa y el alcohol.<br \/>\n\u2022 Cromo: Es un activador de la insulina, por lo tanto regula y mejora la utilizaci\u00f3n de la Glucosa. Tambi\u00e9n ayuda a transportar a las c\u00e9lulas otros nutrientes como los amino\u00e1cidos. <\/p>\n<p>Por esta magn\u00edfica mezcla de ingredientes Thermo Caps es ideal para tomar cuando se hace dieta ya que optimiza los resultados de la misma, aumentando la quema de calor\u00edas y disminuyendo nuestro apetito.<\/p>","protected":false},"excerpt":{"rendered":"<p>Potente f\u00f3rmula termog\u00e9nica concafe\u00edna Disminuye el apetito<\/p>","protected":false},"featured_media":53537,"template":"","meta":{"inline_featured_image":false},"product_cat":[4785,4786,4781,4767],"product_tag":[],"acf":[],"_links":{"self":[{"href":"https:\/\/weider.syntonize.dev\/en\/wp-json\/wp\/v2\/product\/54402"}],"collection":[{"href":"https:\/\/weider.syntonize.dev\/en\/wp-json\/wp\/v2\/product"}],"about":[{"href":"https:\/\/weider.syntonize.dev\/en\/wp-json\/wp\/v2\/types\/product"}],"wp:featuredmedia":[{"embeddable":true,"href":"https:\/\/weider.syntonize.dev\/en\/wp-json\/wp\/v2\/media\/53537"}],"wp:attachment":[{"href":"https:\/\/weider.syntonize.dev\/en\/wp-json\/wp\/v2\/media?parent=54402"}],"wp:term":[{"taxonomy":"product_cat","embeddable":true,"href":"https:\/\/weider.syntonize.dev\/en\/wp-json\/wp\/v2\/product_cat?post=54402"},{"taxonomy":"product_tag","embeddable":true,"href":"https:\/\/weider.syntonize.dev\/en\/wp-json\/wp\/v2\/product_tag?post=54402"}],"curies":[{"name":"wp","href":"https:\/\/api.w.org\/{rel}","templated":true}]}}