{"id":54398,"date":"2024-07-30T10:18:58","date_gmt":"2024-07-30T08:18:58","guid":{"rendered":"https:\/\/weider.syntonize.dev\/product\/l-carnitine-ampollas-limon\/"},"modified":"2024-07-30T10:19:05","modified_gmt":"2024-07-30T08:19:05","slug":"l-carnitine-ampollas-limon","status":"publish","type":"product","link":"https:\/\/weider.syntonize.dev\/en\/product\/l-carnitine-ampollas-limon\/","title":{"rendered":"L-Carnitine Ampollas lim\u00f3n"},"content":{"rendered":"<p>1800 mg de L-Carnitina por ampolla. <\/p>\n<p>Favorece la quema de grasas <\/p>\n<p>L-CARNITINE LIQUID mejora la movilizaci\u00f3n de los \u00e1cidos grasos durante el entrenamiento. <\/p>\n<p>\u00bfQu\u00e9 es la L-Carnitina? <\/p>\n<p>Es la mol\u00e9cula encargada de transportar los \u00e1cidos grasos al interior de la mitocondria, en ella las grasas pueden ser utilizadas como fuente de energ\u00eda, podr\u00edamos decir que son las \u201ccalderas\u201d del organismo. Sin L-Carnitina, este proceso quedar\u00eda limitado. <\/p>\n<p>Puede tomarse antes del ejercicio, as\u00ed se consigue la m\u00e1xima efectividad como quema de grasas. <\/p>\n<p>Si estamos realizando entrenamientos muy intensos tambi\u00e9n nos ayudar\u00e1 a recuperarnos de los mismos, y as\u00ed nos ayuda a conseguir nuestros objetivos.<\/p>","protected":false},"excerpt":{"rendered":"<p>1800 mg de L-Carnitina por ampolla. Favorece la quema de grasas<\/p>","protected":false},"featured_media":0,"template":"","meta":{"inline_featured_image":false},"product_cat":[4785,4786,4767],"product_tag":[],"acf":[],"_links":{"self":[{"href":"https:\/\/weider.syntonize.dev\/en\/wp-json\/wp\/v2\/product\/54398"}],"collection":[{"href":"https:\/\/weider.syntonize.dev\/en\/wp-json\/wp\/v2\/product"}],"about":[{"href":"https:\/\/weider.syntonize.dev\/en\/wp-json\/wp\/v2\/types\/product"}],"wp:attachment":[{"href":"https:\/\/weider.syntonize.dev\/en\/wp-json\/wp\/v2\/media?parent=54398"}],"wp:term":[{"taxonomy":"product_cat","embeddable":true,"href":"https:\/\/weider.syntonize.dev\/en\/wp-json\/wp\/v2\/product_cat?post=54398"},{"taxonomy":"product_tag","embeddable":true,"href":"https:\/\/weider.syntonize.dev\/en\/wp-json\/wp\/v2\/product_tag?post=54398"}],"curies":[{"name":"wp","href":"https:\/\/api.w.org\/{rel}","templated":true}]}}