{"id":54383,"date":"2024-07-30T10:18:58","date_gmt":"2024-07-30T08:18:58","guid":{"rendered":"https:\/\/weider.syntonize.dev\/product\/intense-pure-creatine-creaz-astragin\/"},"modified":"2024-07-30T10:18:59","modified_gmt":"2024-07-30T08:18:59","slug":"intense-pure-creatine-creaz-astragin","status":"publish","type":"product","link":"https:\/\/weider.syntonize.dev\/en\/product\/intense-pure-creatine-creaz-astragin\/","title":{"rendered":"Intense Pure Creatine CreaZ + AstraGin"},"content":{"rendered":"<p>La creatina (C) es un suplemento muy com\u00fan entre los deportistas. Son muchos los estudios que<br \/>\nhan demostrado su efecto ergog\u00e9nico aumentando las reservas de fosfocreatina (PC) a nivel<br \/>\nmuscular, y por tanto de ATP.<br \/>\nEl ATP es la mol\u00e9cula energ\u00e9tica que el m\u00fasculo utiliza durante esfuerzos de alta intensidad y<br \/>\ncorta duraci\u00f3n, por lo que la suplementaci\u00f3n con creatina (C) incrementa el aporte energ\u00e9tico a<br \/>\nla musculatura, adem\u00e1s de facilitar la res\u00edntesis de fosfocreatina (PC).<br \/>\nTodo esto se traduce en un aumento de la fuerza y una mejora en la capacidad de recuperaci\u00f3n<br \/>\nentre series, lo que permite aumentar la intensidad de los entrenamientos para superarte d\u00eda<br \/>\ntras d\u00eda.<br \/>\nCreaZ\u00ae est\u00e1 compuesto de creatina 100% pura, lo que lo convierte en el producto de<br \/>\ncreatina m\u00e1s pura disponible en el mercado. Viene en forma microfina y, a diferencia de otros<br \/>\nproductos de creatina, la creatina de CreaZ\u00ae no est\u00e1 unida a hidratos, citratos ni estearatos,<br \/>\npor lo que proporciona creatina 100% pura para el desarrollo muscular.<br \/>\nCreaZ\u00ae permite la producci\u00f3n m\u00e1s r\u00e1pida de ATP y en mayor cantidad lo que se traduce en un<br \/>\nmejor rendimiento deportivo.<\/p>","protected":false},"excerpt":{"rendered":"<p>CreaZ\u00ae La forma m\u00e1s pura y concentrada de creatina del mercado<br \/>\n\u2022 AstraGin\u00ae Excelente absorci\u00f3n en organismo<br \/>\n\u2022 Mejora el rendimiento f\u00edsico<\/p>","protected":false},"featured_media":53482,"template":"","meta":{"inline_featured_image":false},"product_cat":[4769,4775,4766,4776,4767],"product_tag":[],"acf":[],"_links":{"self":[{"href":"https:\/\/weider.syntonize.dev\/en\/wp-json\/wp\/v2\/product\/54383"}],"collection":[{"href":"https:\/\/weider.syntonize.dev\/en\/wp-json\/wp\/v2\/product"}],"about":[{"href":"https:\/\/weider.syntonize.dev\/en\/wp-json\/wp\/v2\/types\/product"}],"wp:featuredmedia":[{"embeddable":true,"href":"https:\/\/weider.syntonize.dev\/en\/wp-json\/wp\/v2\/media\/53482"}],"wp:attachment":[{"href":"https:\/\/weider.syntonize.dev\/en\/wp-json\/wp\/v2\/media?parent=54383"}],"wp:term":[{"taxonomy":"product_cat","embeddable":true,"href":"https:\/\/weider.syntonize.dev\/en\/wp-json\/wp\/v2\/product_cat?post=54383"},{"taxonomy":"product_tag","embeddable":true,"href":"https:\/\/weider.syntonize.dev\/en\/wp-json\/wp\/v2\/product_tag?post=54383"}],"curies":[{"name":"wp","href":"https:\/\/api.w.org\/{rel}","templated":true}]}}