{"id":54020,"date":"2024-07-30T10:06:35","date_gmt":"2024-07-30T08:06:35","guid":{"rendered":"https:\/\/weider.syntonize.dev\/product\/protein-drink\/"},"modified":"2024-07-30T10:10:55","modified_gmt":"2024-07-30T08:10:55","slug":"protein-drink","status":"publish","type":"product","link":"https:\/\/weider.syntonize.dev\/en\/product\/protein-drink\/","title":{"rendered":"Protein Drink"},"content":{"rendered":"<p>Las personas f\u00edsicamente activas deben de ingerir suficientes prote\u00ednas. <\/p>\n<p>En cada botella de PROTEIN DRINK encontrar\u00e1s 53g de prote\u00ednas l\u00e1cteas biol\u00f3gicas y adecuadamente tratadas. <\/p>\n<p>Por su composici\u00f3n, resulta r\u00e1pidamente asimilable y te hace sentir lleno durante un largo tiempo. A su vez, estar\u00e1s ingiriendo vitaminas y menos de 2g de grasa, y la cantidad de hidratos de carbono que aporta es suficiente para asegurar un adecuado abastecimiento de energ\u00eda. <\/p>\n<p>\u00a1Prueba cualquiera de sus deliciosos sabores y se convertir\u00e1 en tu preparado de prote\u00edna favorito!<\/p>","protected":false},"excerpt":{"rendered":"<p>53g de pura prote\u00edna l\u00e1ctea<br \/>\nF\u00e1cil y c\u00f3mo de llevar al gimnasio<br \/>\nSustituye una comida<\/p>","protected":false},"featured_media":54314,"template":"","meta":{"inline_featured_image":false},"product_cat":[4784,4764,4767],"product_tag":[],"acf":[],"_links":{"self":[{"href":"https:\/\/weider.syntonize.dev\/en\/wp-json\/wp\/v2\/product\/54020"}],"collection":[{"href":"https:\/\/weider.syntonize.dev\/en\/wp-json\/wp\/v2\/product"}],"about":[{"href":"https:\/\/weider.syntonize.dev\/en\/wp-json\/wp\/v2\/types\/product"}],"wp:featuredmedia":[{"embeddable":true,"href":"https:\/\/weider.syntonize.dev\/en\/wp-json\/wp\/v2\/media\/54314"}],"wp:attachment":[{"href":"https:\/\/weider.syntonize.dev\/en\/wp-json\/wp\/v2\/media?parent=54020"}],"wp:term":[{"taxonomy":"product_cat","embeddable":true,"href":"https:\/\/weider.syntonize.dev\/en\/wp-json\/wp\/v2\/product_cat?post=54020"},{"taxonomy":"product_tag","embeddable":true,"href":"https:\/\/weider.syntonize.dev\/en\/wp-json\/wp\/v2\/product_tag?post=54020"}],"curies":[{"name":"wp","href":"https:\/\/api.w.org\/{rel}","templated":true}]}}