{"id":54002,"date":"2024-07-30T10:03:40","date_gmt":"2024-07-30T08:03:40","guid":{"rendered":"https:\/\/weider.syntonize.dev\/product\/milk-protein-shake\/"},"modified":"2024-07-30T10:10:55","modified_gmt":"2024-07-30T08:10:55","slug":"milk-protein-shake","status":"publish","type":"product","link":"https:\/\/weider.syntonize.dev\/en\/product\/milk-protein-shake\/","title":{"rendered":"Milk Protein Shake"},"content":{"rendered":"<p>MILK PROTEIN SHAKE contiene 25 gramos de prote\u00edna l\u00e1ctea de la mejor calidad y s\u00f3lo 5 gramos de hidratos de carbono, lo que equivale a la proporci\u00f3n ideal para adelgazar de 5:1 (relaci\u00f3n entre prote\u00edna e hidratos de carbono).  <\/p>\n<p>Con un bajo contenido en grasas (menos del 3%), MILK PROTEIN SHAKE, es adecuado para periodos de dieta o definici\u00f3n. Para su elaboraci\u00f3n hemos usado ingredientes de la mejor calidad y un contenido de 50 % de pura leche, de manera que tiene una calidad \u00f3ptima y un alto valor biol\u00f3gico.  <\/p>\n<p>Adem\u00e1s su pr\u00e1ctico envase en lata muy ligera, te permite disfrutar de un gran batido de forma f\u00e1cil y en cualquier lugar, controlando siempre su consumo de prote\u00ednas.  <\/p>\n<p>Adem\u00e1s de su apetecible sabor, su perfil nutricional es perfecto para tomar dentro de un estilo de vida saludable: 25g de prote\u00ednas: procedentes de prote\u00edna de leche.  <\/p>\n<p>Bajo en carbohidratos.  <\/p>\n<p>Sin grasa.  <\/p>\n<p>Sin aspartamo.  <\/p>\n<p>C\u00f3modo formato ya listo para tomar.  <\/p>\n<p>\u00a1Ll\u00e9vate contigo cada d\u00eda lo mejor de las prote\u00ednas!<\/p>","protected":false},"excerpt":{"rendered":"<p>25g de prote\u00edna l\u00e1ctea por batido. S\u00f3lo 13 g de carbohidratos y bajo en grasa<\/p>","protected":false},"featured_media":54303,"template":"","meta":{"inline_featured_image":false},"product_cat":[4784,4764,4767],"product_tag":[],"acf":[],"_links":{"self":[{"href":"https:\/\/weider.syntonize.dev\/en\/wp-json\/wp\/v2\/product\/54002"}],"collection":[{"href":"https:\/\/weider.syntonize.dev\/en\/wp-json\/wp\/v2\/product"}],"about":[{"href":"https:\/\/weider.syntonize.dev\/en\/wp-json\/wp\/v2\/types\/product"}],"wp:featuredmedia":[{"embeddable":true,"href":"https:\/\/weider.syntonize.dev\/en\/wp-json\/wp\/v2\/media\/54303"}],"wp:attachment":[{"href":"https:\/\/weider.syntonize.dev\/en\/wp-json\/wp\/v2\/media?parent=54002"}],"wp:term":[{"taxonomy":"product_cat","embeddable":true,"href":"https:\/\/weider.syntonize.dev\/en\/wp-json\/wp\/v2\/product_cat?post=54002"},{"taxonomy":"product_tag","embeddable":true,"href":"https:\/\/weider.syntonize.dev\/en\/wp-json\/wp\/v2\/product_tag?post=54002"}],"curies":[{"name":"wp","href":"https:\/\/api.w.org\/{rel}","templated":true}]}}