{"id":53977,"date":"2024-07-30T10:03:40","date_gmt":"2024-07-30T08:03:40","guid":{"rendered":"https:\/\/weider.syntonize.dev\/product\/energy-jelly-bar\/"},"modified":"2024-07-30T10:06:34","modified_gmt":"2024-07-30T08:06:34","slug":"energy-jelly-bar","status":"publish","type":"product","link":"https:\/\/weider.syntonize.dev\/en\/product\/energy-jelly-bar\/","title":{"rendered":"Energy Jelly Bar"},"content":{"rendered":"<p>La Energy Jelly Bar de Victory Endurance est\u00e1 dise\u00f1ada para proporcionar energ\u00eda durante los entrenamientos con una f\u00e1cil digesti\u00f3n y asimilaci\u00f3n, gracias a su agradable textura en forma de gelatina. <\/p>\n<p>Esta barrita contiene carbohidratos de r\u00e1pida asimilaci\u00f3n, pulpa de fruta, amino\u00e1cidos, vitaminas, electrolitos y zumo de remolacha, rico en nitratos que favorecen la vasodilataci\u00f3n. <\/p>\n<p>Destaca por su textura gelatinosa, elaborada con pulpa de manzana, lo que la hace blanda y muy f\u00e1cil de tragar. Esto facilita su ingesta durante el entrenamiento, ya que no es necesario masticar demasiado. Adem\u00e1s, esta barrita abre nuevas posibilidades para obtener energ\u00eda durante el ejercicio, siendo una alternativa ideal a los geles energ\u00e9ticos. <\/p>\n<p>\u00bfQu\u00e9 nos aporta cada barrita? <\/p>\n<p>Carbohidratos de r\u00e1pida asimilaci\u00f3n: para nutrir las c\u00e9lulas musculares y optimizar el rendimiento durante el ejercicio. <\/p>\n<p>Cloro, Potasio y Sodio: para reponer las p\u00e9rdidas electrol\u00edticas, mantener el equilibrio h\u00eddrico y prevenir la deshidrataci\u00f3n. <\/p>\n<p>Vitaminas B1 y B6: para contribuir al metabolismo energ\u00e9tico normal y reducir la fatiga. <\/p>\n<p>Amino\u00e1cidos: incluye amino\u00e1cidos ramificados (BCAA\u2019s), L-arginina y taurina. <\/p>\n<p>Bajo contenido en grasa y fibra: facilita la digesti\u00f3n durante el ejercicio. <\/p>\n<p>Adem\u00e1s, puedes elegir entre la opci\u00f3n sin cafe\u00edna, que incluye zumo de remolacha naturalmente rico en nitratos para mejorar la oxigenaci\u00f3n y el rendimiento, o la opci\u00f3n con cafe\u00edna, que incluye cafe\u00edna y guaran\u00e1 para mejorar el rendimiento a corto y largo plazo. <\/p>\n<p>La Energy Jelly Bar es ligera, c\u00f3moda y concentra los ingredientes necesarios para evitar la fatiga durante el ejercicio y lograr buenos resultados.<\/p>","protected":false},"excerpt":{"rendered":"<p>Barritas energ\u00e9ticas con fruta<br \/>\nEnriquecidas con amino\u00e1cidos, vitaminas y zumo de remolacha<br \/>\nTextura gominola<\/p>","protected":false},"featured_media":0,"template":"","meta":{"inline_featured_image":false},"product_cat":[4776,4783,4782],"product_tag":[],"acf":[],"_links":{"self":[{"href":"https:\/\/weider.syntonize.dev\/en\/wp-json\/wp\/v2\/product\/53977"}],"collection":[{"href":"https:\/\/weider.syntonize.dev\/en\/wp-json\/wp\/v2\/product"}],"about":[{"href":"https:\/\/weider.syntonize.dev\/en\/wp-json\/wp\/v2\/types\/product"}],"wp:attachment":[{"href":"https:\/\/weider.syntonize.dev\/en\/wp-json\/wp\/v2\/media?parent=53977"}],"wp:term":[{"taxonomy":"product_cat","embeddable":true,"href":"https:\/\/weider.syntonize.dev\/en\/wp-json\/wp\/v2\/product_cat?post=53977"},{"taxonomy":"product_tag","embeddable":true,"href":"https:\/\/weider.syntonize.dev\/en\/wp-json\/wp\/v2\/product_tag?post=53977"}],"curies":[{"name":"wp","href":"https:\/\/api.w.org\/{rel}","templated":true}]}}