{"id":53927,"date":"2024-07-30T09:57:46","date_gmt":"2024-07-30T07:57:46","guid":{"rendered":"https:\/\/weider.syntonize.dev\/product\/joes-soft-bar\/"},"modified":"2024-07-30T12:55:59","modified_gmt":"2024-07-30T10:55:59","slug":"joes-soft-bar","status":"publish","type":"product","link":"https:\/\/weider.syntonize.dev\/en\/product\/joes-soft-bar\/","title":{"rendered":"JOE'S Soft Bar"},"content":{"rendered":"<p>Nuestras nuevas barritas proteicas son realmente especiales, por eso hemos decidido nombrarlas en honor al fundador de nuestra empresa, el Sr. Joe Weider.  <\/p>\n<p>Estas Joe\u2019s Soft Bars no solo destacan por sus valores nutricionales impecables, sino que tambi\u00e9n rivalizan con cualquier barrita de chocolate convencional en sabor y placer. <\/p>\n<p>El interior de la barrita es incre\u00edblemente suave y est\u00e1 recubierto de una cremosa capa de caramelo, todo ello envuelto en el mejor chocolate con leche. Adem\u00e1s, contiene un 10% de aut\u00e9nticos trozos de cacahuete, lo que proporciona una experiencia de sabor \u00fanica. <\/p>\n<p>Con m\u00e1s del 25% de prote\u00ednas, estas deliciosas barritas proteicas Joe\u00b4s Soft Bar son perfectas para cualquier persona f\u00edsicamente activa o atleta, ya que contribuyen al mantenimiento y crecimiento de la masa muscular. Adem\u00e1s, cada barrita contiene menos de 200 calor\u00edas y es baja en az\u00facar, siendo el capricho dulce perfecto para quienes se preocupan por su salud y las calor\u00edas. <\/p>\n<p>En Weider, nuestra misi\u00f3n es proporcionar a nuestros clientes la mejor nutrici\u00f3n deportiva para que puedan llevar una vida saludable y alcanzar sus objetivos deportivos. Con m\u00e1s de 85 a\u00f1os de experiencia en esta industria, comprendemos la importancia de utilizar ingredientes de la m\u00e1s alta calidad y confianza en todos nuestros productos.<\/p>","protected":false},"excerpt":{"rendered":"<p>Apetitoso n\u00facleo de prote\u00edna blanda, cremosa capa de caramelo y<br \/>\ndeliciosa cobertura de chocolate con leche<br \/>\n\u2022 S\u00f3lo 1,8 g de az\u00facar por barrita<br \/>\n\u2022 Alto contenido en prote\u00ednas, contribuye al crecimiento y mantenimiento<br \/>\nde la masa muscular!<\/p>","protected":false},"featured_media":54259,"template":"","meta":{"inline_featured_image":false},"product_cat":[4780,4842,4764,4779,4767],"product_tag":[],"acf":[],"_links":{"self":[{"href":"https:\/\/weider.syntonize.dev\/en\/wp-json\/wp\/v2\/product\/53927"}],"collection":[{"href":"https:\/\/weider.syntonize.dev\/en\/wp-json\/wp\/v2\/product"}],"about":[{"href":"https:\/\/weider.syntonize.dev\/en\/wp-json\/wp\/v2\/types\/product"}],"wp:featuredmedia":[{"embeddable":true,"href":"https:\/\/weider.syntonize.dev\/en\/wp-json\/wp\/v2\/media\/54259"}],"wp:attachment":[{"href":"https:\/\/weider.syntonize.dev\/en\/wp-json\/wp\/v2\/media?parent=53927"}],"wp:term":[{"taxonomy":"product_cat","embeddable":true,"href":"https:\/\/weider.syntonize.dev\/en\/wp-json\/wp\/v2\/product_cat?post=53927"},{"taxonomy":"product_tag","embeddable":true,"href":"https:\/\/weider.syntonize.dev\/en\/wp-json\/wp\/v2\/product_tag?post=53927"}],"curies":[{"name":"wp","href":"https:\/\/api.w.org\/{rel}","templated":true}]}}