{"id":53899,"date":"2024-07-30T09:57:46","date_gmt":"2024-07-30T07:57:46","guid":{"rendered":"https:\/\/weider.syntonize.dev\/product\/protein-cookies\/"},"modified":"2024-07-30T12:55:27","modified_gmt":"2024-07-30T10:55:27","slug":"protein-cookies","status":"publish","type":"product","link":"https:\/\/weider.syntonize.dev\/en\/product\/protein-cookies\/","title":{"rendered":"Protein Cookies"},"content":{"rendered":"<p>La Protein Cookie de Weider es mucho m\u00e1s que un simple snack delicioso: tambi\u00e9n es una excelente fuente de prote\u00edna vegetal. <\/p>\n<p>Rica en nutrientes, carbohidratos y prote\u00ednas, esta galleta contribuye al crecimiento y la reparaci\u00f3n de la masa muscular. Para alcanzar un estado anab\u00f3lico \u00f3ptimo, es crucial mantener una dieta hiperenerg\u00e9tica e hiperproteica. Sin embargo, obtener la cantidad necesaria de energ\u00eda y nutrientes de fuentes saludables puede resultar complicado en ocasiones. <\/p>\n<p>El cuerpo necesita recuperarse despu\u00e9s del ejercicio, y la Protein Cookie de Weider proporciona los nutrientes y prote\u00ednas esenciales para el crecimiento y la reparaci\u00f3n muscular.  <\/p>\n<p>Con hasta 22 gramos de prote\u00edna 100% vegetal y 445 kcal por galleta, es ideal para deportistas que requieren una gran cantidad de energ\u00eda, como en periodos de volumen o en deportes con un alto gasto energ\u00e9tico, como los deportes de monta\u00f1a o de fondo. <\/p>\n<p>Adem\u00e1s, Protein Cookie es apta para veganos y no contiene leche ni productos derivados del huevo. Tampoco contiene organismos modificados gen\u00e9ticamente ni edulcorantes a\u00f1adidos.  <\/p>\n<p>Gracias a su pr\u00e1ctico envase monodosis, puedes llevarla contigo y disfrutarla en cualquier momento y lugar. Ll\u00e9vala siempre contigo en tu mochila para evitar caer en la tentaci\u00f3n de consumir comida poco saludable. <\/p>\n<p>\u00a1Una vez que la pruebes, no podr\u00e1s resistirte a comerla una y otra vez!<\/p>","protected":false},"excerpt":{"rendered":"<p>Energ\u00eda y prote\u00ednas para llevar contigo \u2022 100% Vegana \u2022 Sin aceite de palama ni edulcorantes<\/p>","protected":false},"featured_media":54241,"template":"","meta":{"inline_featured_image":false},"product_cat":[4842,4764,4779,4781,4767],"product_tag":[],"acf":[],"_links":{"self":[{"href":"https:\/\/weider.syntonize.dev\/en\/wp-json\/wp\/v2\/product\/53899"}],"collection":[{"href":"https:\/\/weider.syntonize.dev\/en\/wp-json\/wp\/v2\/product"}],"about":[{"href":"https:\/\/weider.syntonize.dev\/en\/wp-json\/wp\/v2\/types\/product"}],"wp:featuredmedia":[{"embeddable":true,"href":"https:\/\/weider.syntonize.dev\/en\/wp-json\/wp\/v2\/media\/54241"}],"wp:attachment":[{"href":"https:\/\/weider.syntonize.dev\/en\/wp-json\/wp\/v2\/media?parent=53899"}],"wp:term":[{"taxonomy":"product_cat","embeddable":true,"href":"https:\/\/weider.syntonize.dev\/en\/wp-json\/wp\/v2\/product_cat?post=53899"},{"taxonomy":"product_tag","embeddable":true,"href":"https:\/\/weider.syntonize.dev\/en\/wp-json\/wp\/v2\/product_tag?post=53899"}],"curies":[{"name":"wp","href":"https:\/\/api.w.org\/{rel}","templated":true}]}}