{"id":53884,"date":"2024-07-30T12:20:43","date_gmt":"2024-07-30T10:20:43","guid":{"rendered":"https:\/\/weider.syntonize.dev\/product\/32-wafer-bar\/"},"modified":"2024-07-30T12:25:04","modified_gmt":"2024-07-30T10:25:04","slug":"32-wafer-bar","status":"publish","type":"product","link":"https:\/\/weider.syntonize.dev\/en\/product\/32-wafer-bar\/","title":{"rendered":"32% Wafer Bar"},"content":{"rendered":"<p>La Wafer Bar de Weider un snack proteico ideal para cualquier momento del d\u00eda. <\/p>\n<p>Con un alto contenido de prote\u00ednas (30%), la wafer bar contribuye al mantenimiento y crecimiento muscular, siendo una alternativa saludable a los dulces y barritas de chocolate tradicionales.  <\/p>\n<p>Se puede disfrutar como un tentempi\u00e9 pre o post-entrenamiento, o como un aporte extra de prote\u00ednas durante el d\u00eda, y es adecuado para diversos objetivos atl\u00e9ticos y nutricionales.<\/p>","protected":false},"excerpt":{"rendered":"<p>La Wafer Bar de Weider un snack proteico ideal para cualquier momento del d\u00eda. Con un alto contenido de prote\u00ednas (30%), la wafer bar contribuye al mantenimiento y crecimiento muscular, [&hellip;]<\/p>","protected":false},"featured_media":54784,"template":"","meta":{"inline_featured_image":false},"product_cat":[4780,4764,4779,4767],"product_tag":[],"acf":[],"_links":{"self":[{"href":"https:\/\/weider.syntonize.dev\/en\/wp-json\/wp\/v2\/product\/53884"}],"collection":[{"href":"https:\/\/weider.syntonize.dev\/en\/wp-json\/wp\/v2\/product"}],"about":[{"href":"https:\/\/weider.syntonize.dev\/en\/wp-json\/wp\/v2\/types\/product"}],"wp:featuredmedia":[{"embeddable":true,"href":"https:\/\/weider.syntonize.dev\/en\/wp-json\/wp\/v2\/media\/54784"}],"wp:attachment":[{"href":"https:\/\/weider.syntonize.dev\/en\/wp-json\/wp\/v2\/media?parent=53884"}],"wp:term":[{"taxonomy":"product_cat","embeddable":true,"href":"https:\/\/weider.syntonize.dev\/en\/wp-json\/wp\/v2\/product_cat?post=53884"},{"taxonomy":"product_tag","embeddable":true,"href":"https:\/\/weider.syntonize.dev\/en\/wp-json\/wp\/v2\/product_tag?post=53884"}],"curies":[{"name":"wp","href":"https:\/\/api.w.org\/{rel}","templated":true}]}}