{"id":53822,"date":"2024-07-30T09:52:52","date_gmt":"2024-07-30T07:52:52","guid":{"rendered":"https:\/\/weider.syntonize.dev\/product\/total-rush-2-0-pre-work-out\/"},"modified":"2024-07-30T11:37:02","modified_gmt":"2024-07-30T09:37:02","slug":"total-rush-2-0-pre-work-out","status":"publish","type":"product","link":"https:\/\/weider.syntonize.dev\/en\/product\/total-rush-2-0-pre-work-out\/","title":{"rendered":"Total Rush 2.0 Pre Work out"},"content":{"rendered":"<p>Total Rush 2.0 de Weider presenta una f\u00f3rmula mejorada y m\u00e1s efectiva, basada en los \u00faltimos avances cient\u00edficos y los ingredientes m\u00e1s innovadores.  <\/p>\n<p>Dise\u00f1ado para proporcionar un impulso adicional durante el entrenamiento y prevenir la fatiga posterior al ejercicio, este pre-entrenamiento te ayudar\u00e1 a alcanzar nuevos niveles de rendimiento y superar tus l\u00edmites. La f\u00f3rmula optimizada incluye ingredientes activos probados y nuevos principios activos de \u00faltima generaci\u00f3n, como los p\u00e9ptidos de glutamina Glutapep\u00ae y Oxystorm\u00ae, extracto de semillas de amaranto que proporciona nitratos para una vascularizaci\u00f3n m\u00e1xima. <\/p>\n<p>Los ingredientes clave de Total Rush 2.0 incluyen: <\/p>\n<p>L-Citrulina malato: Amino\u00e1cido involucrado en la producci\u00f3n de \u00f3xido n\u00edtrico, reducci\u00f3n de la acidez producida por el \u00e1cido l\u00e1ctico y promoci\u00f3n de la recuperaci\u00f3n muscular. Cada dosis proporciona 6000 mg de citrulina malato. <\/p>\n<p>L-arginina: Precursor del \u00f3xido n\u00edtrico, que ayuda a mejorar el flujo sangu\u00edneo y el suministro de nutrientes a los m\u00fasculos (4600 mg). <\/p>\n<p>Creatina Monohidrato: Probablemente el ingrediente m\u00e1s estudiado en t\u00e9rminos de mejora del rendimiento y aumento de la masa muscular. Total Rush proporciona 3400 mg de creatina por dosis. <\/p>\n<p>Amino\u00e1cidos: Enriquecido con N-acetil tirosina (1000 mg), Glicina (1000 mg), Taurina (1000 mg) y Teanina para apoyar el sistema nervioso y promover la sensaci\u00f3n de bienestar. <\/p>\n<p>Oxystorm\u00ae: Ingrediente exclusivo que libera una alta cantidad de nitratos, promoviendo la producci\u00f3n de \u00f3xido n\u00edtrico (300 mg). <\/p>\n<p>L-alanil glutamina (Glutapep\u00ae): Dip\u00e9ptido de L-glutamina y alanina, m\u00e1s efectivo en la absorci\u00f3n y en el aumento de los niveles de glutamina muscular (200 mg). <\/p>\n<p>Adem\u00e1s, Total Rush 2.0 contiene una combinaci\u00f3n de vitaminas y minerales para favorecer las funciones musculares y cognitivas durante el entrenamiento, como la vitamina D, \u00e1cido asc\u00f3rbico, niacina, vitamina B6, B12, calcio y zinc.  <\/p>\n<p>Estos nutrientes contribuyen a reducir la fatiga, mantener la funci\u00f3n muscular normal y mejorar el metabolismo energ\u00e9tico, entre otros beneficios. Con Total Rush 2.0, experimentar\u00e1s una potencia energ\u00e9tica superior y un rendimiento \u00f3ptimo en cada sesi\u00f3n de entrenamiento.<\/p>","protected":false},"excerpt":{"rendered":"<p>Incre\u00edble f\u00f3rmula que potencia el entrenamiento y la congesti\u00f3n muscular. Baja en carbohidratos<br \/>\nCon 6g de Citrulina, Creatina, Arginina, Glutapep\u00ae, Oxystorm\u00ae y Beta-Alanina<br \/>\nCon Cafe\u00edna, Taurina, amino\u00e1cidos, vitaminas y minerale<\/p>","protected":false},"featured_media":54201,"template":"","meta":{"inline_featured_image":false},"product_cat":[4769,4775,4801,4778,4766,4776,4767],"product_tag":[],"acf":[],"_links":{"self":[{"href":"https:\/\/weider.syntonize.dev\/en\/wp-json\/wp\/v2\/product\/53822"}],"collection":[{"href":"https:\/\/weider.syntonize.dev\/en\/wp-json\/wp\/v2\/product"}],"about":[{"href":"https:\/\/weider.syntonize.dev\/en\/wp-json\/wp\/v2\/types\/product"}],"wp:featuredmedia":[{"embeddable":true,"href":"https:\/\/weider.syntonize.dev\/en\/wp-json\/wp\/v2\/media\/54201"}],"wp:attachment":[{"href":"https:\/\/weider.syntonize.dev\/en\/wp-json\/wp\/v2\/media?parent=53822"}],"wp:term":[{"taxonomy":"product_cat","embeddable":true,"href":"https:\/\/weider.syntonize.dev\/en\/wp-json\/wp\/v2\/product_cat?post=53822"},{"taxonomy":"product_tag","embeddable":true,"href":"https:\/\/weider.syntonize.dev\/en\/wp-json\/wp\/v2\/product_tag?post=53822"}],"curies":[{"name":"wp","href":"https:\/\/api.w.org\/{rel}","templated":true}]}}