{"id":53812,"date":"2024-07-30T09:52:52","date_gmt":"2024-07-30T07:52:52","guid":{"rendered":"https:\/\/weider.syntonize.dev\/product\/premium-bcaa-811-l-glutamina\/"},"modified":"2024-07-30T09:57:45","modified_gmt":"2024-07-30T07:57:45","slug":"premium-bcaa-811-l-glutamina","status":"publish","type":"product","link":"https:\/\/weider.syntonize.dev\/en\/product\/premium-bcaa-811-l-glutamina\/","title":{"rendered":"Premium BCAA 8:1:1 + L-GLUTAMINA"},"content":{"rendered":"<p>Despu\u00e9s de revisar numerosos estudios, Weider ha desarrollado BCAA 8:1:1 Glutamina, la mejor f\u00f3rmula para el desarrollo de la masa muscular, independientemente del deporte que practiques. Esta f\u00f3rmula excepcional consta de varios componentes clave: <\/p>\n<p>BCAAs (Amino\u00e1cidos de Cadena Ramificada): Leucina, Isoleucina y Valina en una proporci\u00f3n de 8:1:1 respectivamente. Estos amino\u00e1cidos esenciales y ramificados tienen propiedades recuperadoras y energ\u00e9ticas. La Leucina inicia los procesos de s\u00edntesis proteica, pero requiere la presencia de Isoleucina y Valina para su ejecuci\u00f3n, de ah\u00ed la relevancia de esta nueva proporci\u00f3n. <\/p>\n<p>L-Glutamina: Amino\u00e1cido semi-esencial y el m\u00e1s abundante en el organismo, fundamental para la protecci\u00f3n y reparaci\u00f3n del tejido muscular. Favorece la s\u00edntesis de prote\u00ednas, la recuperaci\u00f3n de la fibra muscular y del gluc\u00f3geno agotado en el entrenamiento, adem\u00e1s de mejorar la funci\u00f3n del sistema inmune y tener efectos antioxidantes. <\/p>\n<p>Vitamina B6: Contribuye al metabolismo correcto de las prote\u00ednas y del gluc\u00f3geno, siendo vital en los procesos de recuperaci\u00f3n muscular. <\/p>\n<p>Zero az\u00facares: Sin az\u00facares a\u00f1adidos. <\/p>\n<p>Apto para veganos: Contiene amino\u00e1cidos fermentados de alta calidad. <\/p>\n<p>Sin lactosa ni colorantes artificiales. <\/p>\n<p>Se recomienda tomarlo despu\u00e9s de entrenar para acelerar la recuperaci\u00f3n de los da\u00f1os musculares provocados por el intenso entrenamiento, tanto aer\u00f3bico como anaer\u00f3bico. Tambi\u00e9n puede tomarse antes de entrenar para proteger la masa muscular, ya que estos amino\u00e1cidos pueden entrar en los ciclos energ\u00e9ticos proporcionando energ\u00eda, actuando como anticatab\u00f3licos y protectores musculares, retrasando la fatiga y evitando el uso del gluc\u00f3geno muscular. Esto es especialmente \u00fatil durante per\u00edodos de dieta estricta o definici\u00f3n.<\/p>","protected":false},"excerpt":{"rendered":"<p>Combinaci\u00f3n recuperadora de BCAA\u00b4s + Glutamina con un plus de vitamina B6<br \/>\n\u2022 Con el mejor ratio de bcaa, el 8:1:1 (Leu:Iso:Val)<br \/>\n\u2022 Aumenta y protege la masa muscularr.<\/p>","protected":false},"featured_media":54195,"template":"","meta":{"inline_featured_image":false},"product_cat":[4777,4769,4766,4776,4763,4767],"product_tag":[],"acf":[],"_links":{"self":[{"href":"https:\/\/weider.syntonize.dev\/en\/wp-json\/wp\/v2\/product\/53812"}],"collection":[{"href":"https:\/\/weider.syntonize.dev\/en\/wp-json\/wp\/v2\/product"}],"about":[{"href":"https:\/\/weider.syntonize.dev\/en\/wp-json\/wp\/v2\/types\/product"}],"wp:featuredmedia":[{"embeddable":true,"href":"https:\/\/weider.syntonize.dev\/en\/wp-json\/wp\/v2\/media\/54195"}],"wp:attachment":[{"href":"https:\/\/weider.syntonize.dev\/en\/wp-json\/wp\/v2\/media?parent=53812"}],"wp:term":[{"taxonomy":"product_cat","embeddable":true,"href":"https:\/\/weider.syntonize.dev\/en\/wp-json\/wp\/v2\/product_cat?post=53812"},{"taxonomy":"product_tag","embeddable":true,"href":"https:\/\/weider.syntonize.dev\/en\/wp-json\/wp\/v2\/product_tag?post=53812"}],"curies":[{"name":"wp","href":"https:\/\/api.w.org\/{rel}","templated":true}]}}