{"id":53761,"date":"2024-07-30T09:48:34","date_gmt":"2024-07-30T07:48:34","guid":{"rendered":"https:\/\/weider.syntonize.dev\/product\/clear-isolate\/"},"modified":"2024-07-30T09:52:52","modified_gmt":"2024-07-30T07:52:52","slug":"clear-isolate","status":"publish","type":"product","link":"https:\/\/weider.syntonize.dev\/en\/product\/clear-isolate\/","title":{"rendered":"Clear Isolate"},"content":{"rendered":"<p>Clear Isolate es una prote\u00edna de suero de m\u00e1xima calidad que se distingue de los polvos regulares por ser cristalina, soluble y libre de lactosa. A diferencia de las prote\u00ednas de suero tradicionales con sabores a base de leche, Clear Isolate ofrece sabores afrutados como Frambuesa Azul y Sand\u00eda. <\/p>\n<p>Esta prote\u00edna se caracteriza por su alta pureza, con un contenido de prote\u00edna de hasta el 86% y un m\u00ednimo de grasa y lactosa. Es rica en amino\u00e1cidos esenciales (EAA) y amino\u00e1cidos de cadena ramificada (BCAA), fundamentales para la construcci\u00f3n y mantenimiento muscular, especialmente en personas con un estilo de vida activo o deportistas. <\/p>\n<p>Clear Isolate es ideal para cubrir las necesidades aumentadas de prote\u00ednas de quienes llevan una vida activa o practican deporte regularmente. Adem\u00e1s de sus excelentes valores nutricionales, es una bebida deliciosa y refrescante, perfecta para consumir despu\u00e9s de entrenamientos intensos.<\/p>","protected":false},"excerpt":{"rendered":"<p>Aislado de prote\u00edna de suero naturalmente soluble<br \/>\n21g de prote\u00edna por porci\u00f3n<br \/>\nLibre de lactosa y sin grasa<br \/>\nPara la preparaci\u00f3n de bebidas proteicas afrutadas, tipo refresco<\/p>","protected":false},"featured_media":54164,"template":"","meta":{"inline_featured_image":false},"product_cat":[4769,4766,4764,4763,4773,4772,4767],"product_tag":[],"acf":[],"_links":{"self":[{"href":"https:\/\/weider.syntonize.dev\/en\/wp-json\/wp\/v2\/product\/53761"}],"collection":[{"href":"https:\/\/weider.syntonize.dev\/en\/wp-json\/wp\/v2\/product"}],"about":[{"href":"https:\/\/weider.syntonize.dev\/en\/wp-json\/wp\/v2\/types\/product"}],"wp:featuredmedia":[{"embeddable":true,"href":"https:\/\/weider.syntonize.dev\/en\/wp-json\/wp\/v2\/media\/54164"}],"wp:attachment":[{"href":"https:\/\/weider.syntonize.dev\/en\/wp-json\/wp\/v2\/media?parent=53761"}],"wp:term":[{"taxonomy":"product_cat","embeddable":true,"href":"https:\/\/weider.syntonize.dev\/en\/wp-json\/wp\/v2\/product_cat?post=53761"},{"taxonomy":"product_tag","embeddable":true,"href":"https:\/\/weider.syntonize.dev\/en\/wp-json\/wp\/v2\/product_tag?post=53761"}],"curies":[{"name":"wp","href":"https:\/\/api.w.org\/{rel}","templated":true}]}}