{"id":53728,"date":"2024-07-30T09:48:34","date_gmt":"2024-07-30T07:48:34","guid":{"rendered":"https:\/\/weider.syntonize.dev\/product\/isolate-whey-100-cfm\/"},"modified":"2024-07-30T12:53:33","modified_gmt":"2024-07-30T10:53:33","slug":"isolate-whey-100-cfm","status":"publish","type":"product","link":"https:\/\/weider.syntonize.dev\/en\/product\/isolate-whey-100-cfm\/","title":{"rendered":"Isolate Whey 100 CFM"},"content":{"rendered":"<p>Isolate Whey 100 CFM es una prote\u00edna de suero de leche aislada de alta pureza y calidad premium (Isolac\u00ae).  <\/p>\n<p>Enriquecida con enzimas digestivas (Digezyme\u00ae), no contiene az\u00facar y tiene un bajo contenido en grasa.  <\/p>\n<p>Utiliza t\u00e9cnicas avanzadas de extracci\u00f3n mec\u00e1nica en fr\u00edo (CFM), logrando un 90% de prote\u00edna y manteniendo sus propiedades intactas.  <\/p>\n<p>Esta prote\u00edna proviene de vacas alimentadas en pastos (Grass-Fed) y tiene un excelente aminograma, rico en BCAA\u2019s, esenciales para la recuperaci\u00f3n muscular.  <\/p>\n<p>Adem\u00e1s, no contiene aspartamo y est\u00e1 endulzada con stevia, siendo apta para vegetarianos.  <\/p>\n<p>Ideal para deportistas que buscan mejorar su recuperaci\u00f3n y mantener la masa muscular en \u00e9pocas de p\u00e9rdida de grasa y definici\u00f3n. <\/p>\n<p>Caracter\u00edsticas principales de Isolate Whey 100 CFM:  <\/p>\n<p>87% Prote\u00ednas. <\/p>\n<p>Naturalmente rica en BCAAs. <\/p>\n<p>Materia prima de alta calidad (Isolac\u00ae <\/p>\n<p>Elaborada a partir de leche de vacas que se alimentan en pastos (Grass-Fed) <\/p>\n<p>Zero Az\u00facar. <\/p>\n<p>Zero Aspartamo. <\/p>\n<p>Bajo contenido en grasa. <\/p>\n<p>Con edulcorantes naturales: Stevia. <\/p>\n<p>Digezyme\u00ae). <\/p>\n<p>Apta para vegetarianos.<\/p>","protected":false},"excerpt":{"rendered":"<p>87% Prote\u00ednas. <\/p>\n<p>Naturalmente rica en BCAAs. <\/p>\n<p>Materia prima de alta calidad (Isolac\u00ae <\/p>\n<p>Elaborada a partir de leche de vacas que se alimentan en pastos (Grass-Fed) <\/p>\n<p>Zero Az\u00facar. <\/p>\n<p>Zero Aspartamo. <\/p>\n<p>Bajo contenido en grasa. <\/p>\n<p>Con edulcorantes naturales: Stevia. <\/p>\n<p>Digezyme\u00ae). <\/p>\n<p>Apta para vegetarianos.<\/p>","protected":false},"featured_media":54146,"template":"","meta":{"inline_featured_image":false},"product_cat":[4762,4769,4771,4842,4801,4770,4765,4768,4766,4764,4763,4761,4767],"product_tag":[],"acf":[],"_links":{"self":[{"href":"https:\/\/weider.syntonize.dev\/en\/wp-json\/wp\/v2\/product\/53728"}],"collection":[{"href":"https:\/\/weider.syntonize.dev\/en\/wp-json\/wp\/v2\/product"}],"about":[{"href":"https:\/\/weider.syntonize.dev\/en\/wp-json\/wp\/v2\/types\/product"}],"wp:featuredmedia":[{"embeddable":true,"href":"https:\/\/weider.syntonize.dev\/en\/wp-json\/wp\/v2\/media\/54146"}],"wp:attachment":[{"href":"https:\/\/weider.syntonize.dev\/en\/wp-json\/wp\/v2\/media?parent=53728"}],"wp:term":[{"taxonomy":"product_cat","embeddable":true,"href":"https:\/\/weider.syntonize.dev\/en\/wp-json\/wp\/v2\/product_cat?post=53728"},{"taxonomy":"product_tag","embeddable":true,"href":"https:\/\/weider.syntonize.dev\/en\/wp-json\/wp\/v2\/product_tag?post=53728"}],"curies":[{"name":"wp","href":"https:\/\/api.w.org\/{rel}","templated":true}]}}