{"id":51964,"date":"2024-07-26T15:04:53","date_gmt":"2024-07-26T13:04:53","guid":{"rendered":"https:\/\/weider.syntonize.dev\/?page_id=51964"},"modified":"2024-07-26T15:21:52","modified_gmt":"2024-07-26T13:21:52","slug":"weider-world","status":"publish","type":"page","link":"https:\/\/weider.syntonize.dev\/en\/weider-world\/","title":{"rendered":"Weider World"},"content":{"rendered":"<div data-elementor-type=\"wp-page\" data-elementor-id=\"51964\" class=\"elementor elementor-51964\">\n\t\t\t\t\t\t<section class=\"elementor-section elementor-top-section elementor-element elementor-element-2e960fd we-estilovida-hero we-hero-overlay elementor-section-boxed elementor-section-height-default elementor-section-height-default\" data-id=\"2e960fd\" data-element_type=\"section\" data-settings=\"{&quot;background_background&quot;:&quot;classic&quot;}\">\n\t\t\t\t\t\t<div class=\"elementor-container elementor-column-gap-default\">\n\t\t\t\t\t<div class=\"elementor-column elementor-col-100 elementor-top-column elementor-element elementor-element-4fa4cec\" data-id=\"4fa4cec\" data-element_type=\"column\">\n\t\t\t<div class=\"elementor-widget-wrap elementor-element-populated\">\n\t\t\t\t\t\t<div class=\"elementor-element elementor-element-96f4769 elementor-widget elementor-widget-heading\" data-id=\"96f4769\" data-element_type=\"widget\" data-widget_type=\"heading.default\">\n\t\t\t\t<div class=\"elementor-widget-container\">\n\t\t\t<style>\/*! elementor - v3.20.0 - 20-03-2024 *\/\n.elementor-heading-title{padding:0;margin:0;line-height:1}.elementor-widget-heading .elementor-heading-title[class*=elementor-size-]>a{color:inherit;font-size:inherit;line-height:inherit}.elementor-widget-heading .elementor-heading-title.elementor-size-small{font-size:15px}.elementor-widget-heading .elementor-heading-title.elementor-size-medium{font-size:19px}.elementor-widget-heading .elementor-heading-title.elementor-size-large{font-size:29px}.elementor-widget-heading .elementor-heading-title.elementor-size-xl{font-size:39px}.elementor-widget-heading .elementor-heading-title.elementor-size-xxl{font-size:59px}<\/style><h1 class=\"elementor-heading-title elementor-size-default\">WEIDER WORLD<\/h1>\t\t<\/div>\n\t\t\t\t<\/div>\n\t\t\t\t<div class=\"elementor-element elementor-element-0a24541 elementor-widget elementor-widget-text-editor\" data-id=\"0a24541\" data-element_type=\"widget\" data-widget_type=\"text-editor.default\">\n\t\t\t\t<div class=\"elementor-widget-container\">\n\t\t\t<style>\/*! elementor - v3.20.0 - 20-03-2024 *\/\n.elementor-widget-text-editor.elementor-drop-cap-view-stacked .elementor-drop-cap{background-color:#69727d;color:#fff}.elementor-widget-text-editor.elementor-drop-cap-view-framed .elementor-drop-cap{color:#69727d;border:3px solid;background-color:transparent}.elementor-widget-text-editor:not(.elementor-drop-cap-view-default) .elementor-drop-cap{margin-top:8px}.elementor-widget-text-editor:not(.elementor-drop-cap-view-default) .elementor-drop-cap-letter{width:1em;height:1em}.elementor-widget-text-editor .elementor-drop-cap{float:left;text-align:center;line-height:1;font-size:50px}.elementor-widget-text-editor .elementor-drop-cap-letter{display:inline-block}<\/style>\t\t\t\t<p><span style=\"white-space-collapse: preserve;\">Gummies de Betacaroteno. Sin az\u00facar, sin al\u00e9rgenos.<\/span><\/p>\t\t\t\t\t\t<\/div>\n\t\t\t\t<\/div>\n\t\t\t\t\t<\/div>\n\t\t<\/div>\n\t\t\t\t\t<\/div>\n\t\t<\/section>\n\t\t\t\t<section class=\"elementor-section elementor-top-section elementor-element elementor-element-7c38bb9 we-products-tagged we-bg-light-gray elementor-section-boxed elementor-section-height-default elementor-section-height-default\" data-id=\"7c38bb9\" data-element_type=\"section\" data-settings=\"{&quot;background_background&quot;:&quot;classic&quot;}\">\n\t\t\t\t\t\t<div class=\"elementor-container elementor-column-gap-default\">\n\t\t\t\t\t<div class=\"elementor-column elementor-col-100 elementor-top-column elementor-element elementor-element-9d4dec3\" data-id=\"9d4dec3\" data-element_type=\"column\">\n\t\t\t<div class=\"elementor-widget-wrap elementor-element-populated\">\n\t\t\t\t\t\t<div class=\"elementor-element elementor-element-19095df elementor-widget elementor-widget-bwp_filter_homepage\" data-id=\"19095df\" data-element_type=\"widget\" data-widget_type=\"bwp_filter_homepage.default\">\n\t\t\t\t<div class=\"elementor-widget-container\">\n\t\t\t<div class=\"bwp-filter-homepage tab-product tab_product_default tab-dividers\" data-content_product=\"3\" data-class_col = \"col-xl-3 col-lg-4 col-md-4 col-6\" data-numberposts = \"4\">\r\n\t<div class=\"bwp-filter-heading\">\r\n\t\t\t\t<div class=\"title-block\">\r\n\t\t\t<h2>Productos Weider<\/h2>\r\n\t\t<\/div>\r\n\t\t\t\t<div class=\"filter-order-by\">\r\n\t\t\t<ul class=\"filter-orderby title-position-top\">\r\n\t\t\t\t\t\t\t\r\n\t\t\t\t<li data-value=\"rating\" class=\"active\"><span>Top Rating<\/span><\/li>\r\n\t\t\t\t\t\t\t\t\r\n\t\t\t<\/ul>\r\n\t\t<\/div>\r\n\t<\/div>\r\n\t<div class=\"bwp-filter-content\">\r\n\t\t\t\t<ul class=\"filter-category hidden\">\r\n\t\t\t<li data-value=\"all\" class=\"active\">all<\/li>\r\n\t\t<\/ul>\r\n\t\t<div class=\"content-product-list content-products-rating\">\r\n\t\t\t<div class=\"content products-list grid row\">\r\n\t\t\t\t\t\t\t\t\t<div class=\"item col-xl-3 col-lg-4 col-md-4 col-6\">\r\n\t\t\t\t\t\t\t\t\t\t\t\t\t<div class=\"products-entry content-product3 clearfix product-wapper\">\n\t<div class=\"products-thumb\">\n\t\t\t<div class='product-lable'>\n\t\t\t\n\t\t\t<\/div>\n<a href=\"https:\/\/weider.syntonize.dev\/en\/product\/amino-recovery\/\" class=\"woocommerce-LoopProduct-link\"><img fetchpriority=\"high\" decoding=\"async\" width=\"300\" height=\"300\" src=\"https:\/\/weider.syntonize.dev\/wp-content\/uploads\/2024\/07\/aminoacidos_amino_recovery_front-300x300.png\" class=\"fade-in lazyload wp-post-image\" alt=\"\" \/><\/a>\t\t<div class='product-button'>\n\t\t\t\t\t<\/div>\n\t\t<div class=\"btn-atc hidden-md hidden-sm hidden-xs\">\n\t\t\t\t\t<\/div>\n\t\t\t\t<div class=\"product-button-mobile\">\n\t\t\t\t\t\t\t\t<\/div>\n\t<\/div>\n\t<div class=\"products-content\">\n\t\t<div class=\"contents\">\n\t\t\t<div class=\"cat-products\"><a href=\"https:\/\/weider.syntonize.dev\/en\/categoria\/aminoacidos\/\">Amino acids<\/a><\/div>\t\t\t<h3 class=\"product-title\"><a href=\"https:\/\/weider.syntonize.dev\/en\/product\/amino-recovery\/\">Amino Recovery<\/a><\/h3>\n\t\t\t<!-- Moovity -->\n\t\t\t<div class=\"certs\">\n\t\t\t\t\t\t\t<\/div>\n\t\t\t\t\t\t\n\t<span class=\"price\"><span class=\"woocommerce-Price-amount amount\"><bdi>0.00<span class=\"woocommerce-Price-currencySymbol\">\u20ac<\/span><\/bdi><\/span><\/span>\n\t\t<\/div>\n\t<\/div>\n<\/div>\t\t\t\t\t\t\t\t\t\t\t<\/div>\r\n\t\t\t\t\t\t\t\t\t<div class=\"item col-xl-3 col-lg-4 col-md-4 col-6\">\r\n\t\t\t\t\t\t\t\t\t\t\t\t\t<div class=\"products-entry content-product3 clearfix product-wapper\">\n\t<div class=\"products-thumb\">\n\t\t\t<div class='product-lable'>\n\t\t\t\n\t\t\t<\/div>\n<div class=\"product-thumb-hover\"><a href=\"https:\/\/weider.syntonize.dev\/en\/product\/ultraburner\/\" class=\"woocommerce-LoopProduct-link\"><img decoding=\"async\" width=\"300\" height=\"300\" src=\"https:\/\/weider.syntonize.dev\/wp-content\/uploads\/2024\/07\/ultraburner_120_caps_front-300x300.png\" class=\"fade-in lazyload wp-post-image\" alt=\"\" \/><img decoding=\"async\" width=\"300\" height=\"300\" src=\"https:\/\/weider.syntonize.dev\/wp-content\/uploads\/2024\/07\/ultraburner_120_caps_lifestyle-300x300.jpg\" class=\"hover-image back\" alt=\"\" \/><\/a><\/div>\t\t<div class='product-button'>\n\t\t\t\t\t<\/div>\n\t\t<div class=\"btn-atc hidden-md hidden-sm hidden-xs\">\n\t\t\t\t\t<\/div>\n\t\t\t\t<div class=\"product-button-mobile\">\n\t\t\t\t\t\t\t\t<\/div>\n\t<\/div>\n\t<div class=\"products-content\">\n\t\t<div class=\"contents\">\n\t\t\t<div class=\"cat-products\"><a href=\"https:\/\/weider.syntonize.dev\/en\/categoria\/bodybuilding\/\">Bodybuilding<\/a><\/div>\t\t\t<h3 class=\"product-title\"><a href=\"https:\/\/weider.syntonize.dev\/en\/product\/ultraburner\/\">Ultraburner<\/a><\/h3>\n\t\t\t<!-- Moovity -->\n\t\t\t<div class=\"certs\">\n\t\t\t\t\t\t\t<\/div>\n\t\t\t\t\t\t\n\t<span class=\"price\"><span class=\"woocommerce-Price-amount amount\"><bdi>0.00<span class=\"woocommerce-Price-currencySymbol\">\u20ac<\/span><\/bdi><\/span><\/span>\n\t\t<\/div>\n\t<\/div>\n<\/div>\t\t\t\t\t\t\t\t\t\t\t<\/div>\r\n\t\t\t\t\t\t\t\t\t<div class=\"item col-xl-3 col-lg-4 col-md-4 col-6\">\r\n\t\t\t\t\t\t\t\t\t\t\t\t\t<div class=\"products-entry content-product3 clearfix product-wapper\">\n\t<div class=\"products-thumb\">\n\t\t\t<div class='product-lable'>\n\t\t\t\n\t\t\t<\/div>\n<div class=\"product-thumb-hover\"><a href=\"https:\/\/weider.syntonize.dev\/en\/product\/intense-pre-work-out\/\" class=\"woocommerce-LoopProduct-link\"><img loading=\"lazy\" decoding=\"async\" width=\"300\" height=\"300\" src=\"https:\/\/weider.syntonize.dev\/wp-content\/uploads\/2024\/07\/intense_pre_work_out_fruit_punch_375g_front-300x300.png\" class=\"fade-in lazyload wp-post-image\" alt=\"\" \/><img loading=\"lazy\" decoding=\"async\" width=\"300\" height=\"300\" src=\"https:\/\/weider.syntonize.dev\/wp-content\/uploads\/2024\/07\/intense_pre_work_out_fruit_punch_375g_lifestyle-300x300.jpeg\" class=\"hover-image back\" alt=\"\" \/><\/a><\/div>\t\t<div class='product-button'>\n\t\t\t\t\t<\/div>\n\t\t<div class=\"btn-atc hidden-md hidden-sm hidden-xs\">\n\t\t\t\t\t<\/div>\n\t\t\t\t<div class=\"product-button-mobile\">\n\t\t\t\t\t\t\t\t<\/div>\n\t<\/div>\n\t<div class=\"products-content\">\n\t\t<div class=\"contents\">\n\t\t\t<div class=\"cat-products\"><a href=\"https:\/\/weider.syntonize.dev\/en\/categoria\/bodybuilding\/\">Bodybuilding<\/a><\/div>\t\t\t<h3 class=\"product-title\"><a href=\"https:\/\/weider.syntonize.dev\/en\/product\/intense-pre-work-out\/\">Intense Pre Work out<\/a><\/h3>\n\t\t\t<!-- Moovity -->\n\t\t\t<div class=\"certs\">\n\t\t\t\t\t\t\t<\/div>\n\t\t\t\t\t\t\n\t<span class=\"price\"><span class=\"woocommerce-Price-amount amount\"><bdi>0.00<span class=\"woocommerce-Price-currencySymbol\">\u20ac<\/span><\/bdi><\/span><\/span>\n\t\t<\/div>\n\t<\/div>\n<\/div>\t\t\t\t\t\t\t\t\t\t\t<\/div>\r\n\t\t\t\t\t\t\t\t\t<div class=\"item col-xl-3 col-lg-4 col-md-4 col-6\">\r\n\t\t\t\t\t\t\t\t\t\t\t\t\t<div class=\"products-entry content-product3 clearfix product-wapper\">\n\t<div class=\"products-thumb\">\n\t\t\t<div class='product-lable'>\n\t\t\t\n\t\t\t<\/div>\n<div class=\"product-thumb-hover\"><a href=\"https:\/\/weider.syntonize.dev\/en\/product\/creatine-200-mesh-astragin-neutra\/\" class=\"woocommerce-LoopProduct-link\"><img loading=\"lazy\" decoding=\"async\" width=\"300\" height=\"300\" src=\"https:\/\/weider.syntonize.dev\/wp-content\/uploads\/2024\/07\/creatine_200_mesh_astragin_neutro_310g_front-300x300.png\" class=\"fade-in lazyload wp-post-image\" alt=\"\" \/><img loading=\"lazy\" decoding=\"async\" width=\"300\" height=\"300\" src=\"https:\/\/weider.syntonize.dev\/wp-content\/uploads\/2024\/07\/creatine_200_mesh_astragin_neutro_310g_lifestyle_2-300x300.jpg\" class=\"hover-image back\" alt=\"\" \/><\/a><\/div>\t\t<div class='product-button'>\n\t\t\t\t\t<\/div>\n\t\t<div class=\"btn-atc hidden-md hidden-sm hidden-xs\">\n\t\t\t\t\t<\/div>\n\t\t\t\t<div class=\"product-button-mobile\">\n\t\t\t\t\t\t\t\t<\/div>\n\t<\/div>\n\t<div class=\"products-content\">\n\t\t<div class=\"contents\">\n\t\t\t<div class=\"cat-products\"><a href=\"https:\/\/weider.syntonize.dev\/en\/categoria\/bodybuilding\/\">Bodybuilding<\/a><\/div>\t\t\t<h3 class=\"product-title\"><a href=\"https:\/\/weider.syntonize.dev\/en\/product\/creatine-200-mesh-astragin-neutra\/\">Creatine 200 Mesh AstraGin Neutra<\/a><\/h3>\n\t\t\t<!-- Moovity -->\n\t\t\t<div class=\"certs\">\n\t\t\t\t<a class=\"cert\" href=\"https:\/\/weider.syntonize.dev\/en\/sellos-de-calidad\/\">Astragin<\/a>\t\t\t<\/div>\n\t\t\t\t\t\t\n\t<span class=\"price\"><span class=\"woocommerce-Price-amount amount\"><bdi>0.00<span class=\"woocommerce-Price-currencySymbol\">\u20ac<\/span><\/bdi><\/span><\/span>\n\t\t<\/div>\n\t<\/div>\n<\/div>\t\t\t\t\t\t\t\t\t\t\t<\/div>\r\n\t\t\t\t\t\t\t<\/div>\r\n\t\t<\/div>\r\n\t<\/div>\t\r\n<\/div>\r\n\t\t<\/div>\n\t\t\t\t<\/div>\n\t\t\t\t<div class=\"elementor-element elementor-element-bfa7e47 elementor-align-center elementor-widget elementor-widget-button\" data-id=\"bfa7e47\" data-element_type=\"widget\" data-widget_type=\"button.default\">\n\t\t\t\t<div class=\"elementor-widget-container\">\n\t\t\t\t\t<div class=\"elementor-button-wrapper\">\n\t\t\t<a class=\"elementor-button elementor-button-link elementor-size-sm\" href=\"https:\/\/weider.syntonize.dev\/en\/categoria-producto\/objetivos\/fitness\/\">\n\t\t\t\t\t\t<span class=\"elementor-button-content-wrapper\">\n\t\t\t\t\t\t<span class=\"elementor-button-text\">VER M\u00c1S<\/span>\n\t\t<\/span>\n\t\t\t\t\t<\/a>\n\t\t<\/div>\n\t\t\t\t<\/div>\n\t\t\t\t<\/div>\n\t\t\t\t\t<\/div>\n\t\t<\/div>\n\t\t\t\t\t<\/div>\n\t\t<\/section>\n\t\t\t\t<section class=\"elementor-section elementor-top-section elementor-element elementor-element-f5ef17a we-icons bg-white elementor-section-boxed elementor-section-height-default elementor-section-height-default\" data-id=\"f5ef17a\" data-element_type=\"section\">\n\t\t\t\t\t\t<div class=\"elementor-container elementor-column-gap-default\">\n\t\t\t\t\t<div class=\"elementor-column elementor-col-100 elementor-top-column elementor-element elementor-element-6425c60\" data-id=\"6425c60\" data-element_type=\"column\">\n\t\t\t<div class=\"elementor-widget-wrap elementor-element-populated\">\n\t\t\t\t\t\t<div class=\"elementor-element elementor-element-f2c082c elementor-widget elementor-widget-heading\" data-id=\"f2c082c\" data-element_type=\"widget\" data-widget_type=\"heading.default\">\n\t\t\t\t<div class=\"elementor-widget-container\">\n\t\t\t<h2 class=\"elementor-heading-title elementor-size-default\">MATERIAL DE MARKETING<\/h2>\t\t<\/div>\n\t\t\t\t<\/div>\n\t\t\t\t<section class=\"elementor-section elementor-inner-section elementor-element elementor-element-a80fc87 elementor-section-boxed elementor-section-height-default elementor-section-height-default\" data-id=\"a80fc87\" data-element_type=\"section\">\n\t\t\t\t\t\t<div class=\"elementor-container elementor-column-gap-default\">\n\t\t\t\t\t<div class=\"elementor-column elementor-col-25 elementor-inner-column elementor-element elementor-element-d971bf0\" data-id=\"d971bf0\" data-element_type=\"column\">\n\t\t\t<div class=\"elementor-widget-wrap elementor-element-populated\">\n\t\t\t\t\t\t<div class=\"elementor-element elementor-element-81fa9be elementor-widget elementor-widget-image\" data-id=\"81fa9be\" data-element_type=\"widget\" data-widget_type=\"image.default\">\n\t\t\t\t<div class=\"elementor-widget-container\">\n\t\t\t<style>\/*! elementor - v3.20.0 - 20-03-2024 *\/\n.elementor-widget-image{text-align:center}.elementor-widget-image a{display:inline-block}.elementor-widget-image a img[src$=\".svg\"]{width:48px}.elementor-widget-image img{vertical-align:middle;display:inline-block}<\/style>\t\t\t\t\t\t\t\t\t\t<img loading=\"lazy\" decoding=\"async\" width=\"60\" height=\"60\" src=\"https:\/\/weider.syntonize.dev\/wp-content\/uploads\/2024\/07\/iconolapiz.png\" class=\"attachment-large size-large wp-image-51970\" alt=\"\" \/>\t\t\t\t\t\t\t\t\t\t\t\t\t<\/div>\n\t\t\t\t<\/div>\n\t\t\t\t<div class=\"elementor-element elementor-element-a76837f elementor-widget elementor-widget-heading\" data-id=\"a76837f\" data-element_type=\"widget\" data-widget_type=\"heading.default\">\n\t\t\t\t<div class=\"elementor-widget-container\">\n\t\t\t<h3 class=\"elementor-heading-title elementor-size-default\">LOGOS<\/h3>\t\t<\/div>\n\t\t\t\t<\/div>\n\t\t\t\t<div class=\"elementor-element elementor-element-984e0d7 we-world__link-descarga elementor-widget elementor-widget-text-editor\" data-id=\"984e0d7\" data-element_type=\"widget\" data-widget_type=\"text-editor.default\">\n\t\t\t\t<div class=\"elementor-widget-container\">\n\t\t\t\t\t\t\t<p><a href=\"#\">Descargar Documento<\/a><\/p>\t\t\t\t\t\t<\/div>\n\t\t\t\t<\/div>\n\t\t\t\t\t<\/div>\n\t\t<\/div>\n\t\t\t\t<div class=\"elementor-column elementor-col-25 elementor-inner-column elementor-element elementor-element-235f243\" data-id=\"235f243\" data-element_type=\"column\">\n\t\t\t<div class=\"elementor-widget-wrap elementor-element-populated\">\n\t\t\t\t\t\t<div class=\"elementor-element elementor-element-b8eb120 elementor-widget elementor-widget-image\" data-id=\"b8eb120\" data-element_type=\"widget\" data-widget_type=\"image.default\">\n\t\t\t\t<div class=\"elementor-widget-container\">\n\t\t\t\t\t\t\t\t\t\t\t\t\t<img loading=\"lazy\" decoding=\"async\" width=\"61\" height=\"60\" src=\"https:\/\/weider.syntonize.dev\/wp-content\/uploads\/2024\/07\/iconodocumento1.png\" class=\"attachment-large size-large wp-image-51972\" alt=\"\" \/>\t\t\t\t\t\t\t\t\t\t\t\t\t<\/div>\n\t\t\t\t<\/div>\n\t\t\t\t<div class=\"elementor-element elementor-element-d8d90c8 elementor-widget elementor-widget-heading\" data-id=\"d8d90c8\" data-element_type=\"widget\" data-widget_type=\"heading.default\">\n\t\t\t\t<div class=\"elementor-widget-container\">\n\t\t\t<h3 class=\"elementor-heading-title elementor-size-default\">CAT\u00c1LOGO<\/h3>\t\t<\/div>\n\t\t\t\t<\/div>\n\t\t\t\t<div class=\"elementor-element elementor-element-abb3903 we-world__link-descarga elementor-widget elementor-widget-text-editor\" data-id=\"abb3903\" data-element_type=\"widget\" data-widget_type=\"text-editor.default\">\n\t\t\t\t<div class=\"elementor-widget-container\">\n\t\t\t\t\t\t\t<p><a href=\"#\">Descargar Documento<\/a><\/p>\t\t\t\t\t\t<\/div>\n\t\t\t\t<\/div>\n\t\t\t\t\t<\/div>\n\t\t<\/div>\n\t\t\t\t<div class=\"elementor-column elementor-col-25 elementor-inner-column elementor-element elementor-element-c1b715c\" data-id=\"c1b715c\" data-element_type=\"column\">\n\t\t\t<div class=\"elementor-widget-wrap elementor-element-populated\">\n\t\t\t\t\t\t<div class=\"elementor-element elementor-element-3808980 elementor-widget elementor-widget-image\" data-id=\"3808980\" data-element_type=\"widget\" data-widget_type=\"image.default\">\n\t\t\t\t<div class=\"elementor-widget-container\">\n\t\t\t\t\t\t\t\t\t\t\t\t\t<img loading=\"lazy\" decoding=\"async\" width=\"60\" height=\"60\" src=\"https:\/\/weider.syntonize.dev\/wp-content\/uploads\/2024\/04\/icono4.png\" class=\"attachment-large size-large wp-image-50696\" alt=\"\" \/>\t\t\t\t\t\t\t\t\t\t\t\t\t<\/div>\n\t\t\t\t<\/div>\n\t\t\t\t<div class=\"elementor-element elementor-element-e5cc3e3 elementor-widget elementor-widget-heading\" data-id=\"e5cc3e3\" data-element_type=\"widget\" data-widget_type=\"heading.default\">\n\t\t\t\t<div class=\"elementor-widget-container\">\n\t\t\t<h3 class=\"elementor-heading-title elementor-size-default\">IM\u00c1GENES<\/h3>\t\t<\/div>\n\t\t\t\t<\/div>\n\t\t\t\t<div class=\"elementor-element elementor-element-4214576 we-world__link-descarga elementor-widget elementor-widget-text-editor\" data-id=\"4214576\" data-element_type=\"widget\" data-widget_type=\"text-editor.default\">\n\t\t\t\t<div class=\"elementor-widget-container\">\n\t\t\t\t\t\t\t<p><a href=\"#\">Descargar Documento<\/a><\/p>\t\t\t\t\t\t<\/div>\n\t\t\t\t<\/div>\n\t\t\t\t\t<\/div>\n\t\t<\/div>\n\t\t\t\t<div class=\"elementor-column elementor-col-25 elementor-inner-column elementor-element elementor-element-39826a3\" data-id=\"39826a3\" data-element_type=\"column\">\n\t\t\t<div class=\"elementor-widget-wrap elementor-element-populated\">\n\t\t\t\t\t\t<div class=\"elementor-element elementor-element-7856ad0 elementor-widget elementor-widget-image\" data-id=\"7856ad0\" data-element_type=\"widget\" data-widget_type=\"image.default\">\n\t\t\t\t<div class=\"elementor-widget-container\">\n\t\t\t\t\t\t\t\t\t\t\t\t\t<img loading=\"lazy\" decoding=\"async\" width=\"60\" height=\"60\" src=\"https:\/\/weider.syntonize.dev\/wp-content\/uploads\/2024\/07\/iconodocumento2.png\" class=\"attachment-large size-large wp-image-51973\" alt=\"\" \/>\t\t\t\t\t\t\t\t\t\t\t\t\t<\/div>\n\t\t\t\t<\/div>\n\t\t\t\t<div class=\"elementor-element elementor-element-0b95fc9 elementor-widget elementor-widget-heading\" data-id=\"0b95fc9\" data-element_type=\"widget\" data-widget_type=\"heading.default\">\n\t\t\t\t<div class=\"elementor-widget-container\">\n\t\t\t<h3 class=\"elementor-heading-title elementor-size-default\">FICHAS DE PRODUCTO<\/h3>\t\t<\/div>\n\t\t\t\t<\/div>\n\t\t\t\t<div class=\"elementor-element elementor-element-c0e1b57 we-world__link-descarga elementor-widget elementor-widget-text-editor\" data-id=\"c0e1b57\" data-element_type=\"widget\" data-widget_type=\"text-editor.default\">\n\t\t\t\t<div class=\"elementor-widget-container\">\n\t\t\t\t\t\t\t<p><a href=\"#\">Descargar Documento<\/a><\/p>\t\t\t\t\t\t<\/div>\n\t\t\t\t<\/div>\n\t\t\t\t\t<\/div>\n\t\t<\/div>\n\t\t\t\t\t<\/div>\n\t\t<\/section>\n\t\t\t\t\t<\/div>\n\t\t<\/div>\n\t\t\t\t\t<\/div>\n\t\t<\/section>\n\t\t\t\t<section class=\"elementor-section elementor-top-section elementor-element elementor-element-0a395d0 we-two-columns-primary we-two-columns__big-title bg-white elementor-section-boxed elementor-section-height-default elementor-section-height-default\" data-id=\"0a395d0\" data-element_type=\"section\">\n\t\t\t\t\t\t<div class=\"elementor-container elementor-column-gap-default\">\n\t\t\t\t\t<div class=\"elementor-column elementor-col-50 elementor-top-column elementor-element elementor-element-4b0b143\" data-id=\"4b0b143\" data-element_type=\"column\" data-settings=\"{&quot;background_background&quot;:&quot;classic&quot;}\">\n\t\t\t<div class=\"elementor-widget-wrap\">\n\t\t\t\t\t\t\t<\/div>\n\t\t<\/div>\n\t\t\t\t<div class=\"elementor-column elementor-col-50 elementor-top-column elementor-element elementor-element-cbe1fd1 aspect-11\" data-id=\"cbe1fd1\" data-element_type=\"column\">\n\t\t\t<div class=\"elementor-widget-wrap elementor-element-populated\">\n\t\t\t\t\t\t<div class=\"elementor-element elementor-element-000ecb0 elementor-widget elementor-widget-heading\" data-id=\"000ecb0\" data-element_type=\"widget\" data-widget_type=\"heading.default\">\n\t\t\t\t<div class=\"elementor-widget-container\">\n\t\t\t<h2 class=\"elementor-heading-title elementor-size-default\">CONT\u00c1CTANOS<\/h2>\t\t<\/div>\n\t\t\t\t<\/div>\n\t\t\t\t<div class=\"elementor-element elementor-element-94cb04b elementor-widget elementor-widget-text-editor\" data-id=\"94cb04b\" data-element_type=\"widget\" data-widget_type=\"text-editor.default\">\n\t\t\t\t<div class=\"elementor-widget-container\">\n\t\t\t\t\t\t\t<p>Drinks, bars, protein... and much more.<\/p>\t\t\t\t\t\t<\/div>\n\t\t\t\t<\/div>\n\t\t\t\t<div class=\"elementor-element elementor-element-b5606e4 we-btn-black elementor-widget elementor-widget-button\" data-id=\"b5606e4\" data-element_type=\"widget\" data-widget_type=\"button.default\">\n\t\t\t\t<div class=\"elementor-widget-container\">\n\t\t\t\t\t<div class=\"elementor-button-wrapper\">\n\t\t\t<a class=\"elementor-button elementor-button-link elementor-size-sm\" href=\"https:\/\/weider.syntonize.dev\/en\/contact-2\/\">\n\t\t\t\t\t\t<span class=\"elementor-button-content-wrapper\">\n\t\t\t\t\t\t<span class=\"elementor-button-text\">Contactar<\/span>\n\t\t<\/span>\n\t\t\t\t\t<\/a>\n\t\t<\/div>\n\t\t\t\t<\/div>\n\t\t\t\t<\/div>\n\t\t\t\t\t<\/div>\n\t\t<\/div>\n\t\t\t\t\t<\/div>\n\t\t<\/section>\n\t\t\t\t<\/div>","protected":false},"excerpt":{"rendered":"<p>WEIDER WORLD Gummies de Betacaroteno. Sin az\u00facar, sin al\u00e9rgenos. Productos Weider Top Rating all Prote\u00ednas Test Creapure 0.00&euro; Bodybuilding 100% WHEY CLEAN FORMULA VER M\u00c1S MATERIAL DE MARKETING LOGOS Descargar [&hellip;]<\/p>","protected":false},"author":24,"featured_media":0,"parent":0,"menu_order":0,"comment_status":"closed","ping_status":"closed","template":"page-templates\/homepage.php","meta":{"inline_featured_image":false,"footnotes":""},"acf":[],"_links":{"self":[{"href":"https:\/\/weider.syntonize.dev\/en\/wp-json\/wp\/v2\/pages\/51964"}],"collection":[{"href":"https:\/\/weider.syntonize.dev\/en\/wp-json\/wp\/v2\/pages"}],"about":[{"href":"https:\/\/weider.syntonize.dev\/en\/wp-json\/wp\/v2\/types\/page"}],"author":[{"embeddable":true,"href":"https:\/\/weider.syntonize.dev\/en\/wp-json\/wp\/v2\/users\/24"}],"replies":[{"embeddable":true,"href":"https:\/\/weider.syntonize.dev\/en\/wp-json\/wp\/v2\/comments?post=51964"}],"version-history":[{"count":10,"href":"https:\/\/weider.syntonize.dev\/en\/wp-json\/wp\/v2\/pages\/51964\/revisions"}],"predecessor-version":[{"id":51981,"href":"https:\/\/weider.syntonize.dev\/en\/wp-json\/wp\/v2\/pages\/51964\/revisions\/51981"}],"wp:attachment":[{"href":"https:\/\/weider.syntonize.dev\/en\/wp-json\/wp\/v2\/media?parent=51964"}],"curies":[{"name":"wp","href":"https:\/\/api.w.org\/{rel}","templated":true}]}}